{"id":327821,"date":"2024-02-20T08:12:40","date_gmt":"2024-02-20T08:12:40","guid":{"rendered":"https:\/\/classificados-x.net\/?post_type=product&#038;p=327821"},"modified":"2024-02-20T08:12:40","modified_gmt":"2024-02-20T08:12:40","slug":"lameiro","status":"publish","type":"product","link":"https:\/\/classificados-x.net\/pt\/escort\/lamire\/","title":{"rendered":"Lamir\u221a\u00a9"},"content":{"rendered":"<p>Lamir\u221a\u00a9 sobre mim: sou divertida, sou extrovertida e adooooro curtir. O resto pergunta, sem medos.<\/p>","protected":false},"excerpt":{"rendered":"<p>Lamir\u221a\u00a9 sobre mim: sou divertida, sou extrovertida e adooooro curtir. O resto pergunta, sem medos.<\/p>","protected":false},"featured_media":12380160,"template":"","meta":[],"product_brand":[],"product_cat":[1089],"product_tag":[895,902,903,893,901,898,904,897,900,894,896,905,899],"class_list":{"0":"post-327821","1":"product","2":"type-product","3":"status-publish","4":"has-post-thumbnail","6":"product_cat-setubal","7":"product_tag-acompanhantes-porto","8":"product_tag-asian-escorts-portugal","9":"product_tag-asian-massage-portugal","10":"product_tag-classificados-x","11":"product_tag-escort-girls-portugal","12":"product_tag-escorts-in-portugal","13":"product_tag-escorts-porto","14":"product_tag-female-escorts-portugal","15":"product_tag-inderpendent-escorts-portugal","16":"product_tag-lisbon-girl-escorts","17":"product_tag-massage-escorts-portugal","18":"product_tag-portugal-sex-guide","19":"product_tag-sexy-escorts-portugal","20":"pa_enjoys-gangbang-escorts","21":"pa_enjoys-69-position-escorts","22":"pa_enjoys-anal-sex-escorts","23":"pa_enjoys-big-dick","24":"pa_enjoys-blindfolding","25":"pa_enjoys-blowjob","26":"pa_enjoys-couples","27":"pa_enjoys-cowgirl","28":"pa_enjoys-cybersex","29":"pa_enjoys-deepthroat","30":"pa_enjoys-doggy-style","31":"pa_enjoys-footjob","32":"pa_enjoys-handcuffs","33":"pa_enjoys-kissing","34":"pa_enjoys-missionary","35":"pa_enjoys-no-condom","36":"pa_enjoys-oral-sex","37":"pa_enjoys-role-play","38":"pa_enjoys-straight-sex","39":"pa_enjoys-voyeur","40":"pa_places-city-center","42":"first","43":"instock","44":"shipping-taxable","45":"product-type-external"},"yoast_head":"<!-- This site is optimized with the Yoast SEO Premium plugin v22.3 (Yoast SEO v27.3) - https:\/\/yoast.com\/product\/yoast-seo-premium-wordpress\/ -->\n<title>Lamir\u221a\u00a9 Classificados Escort<\/title>\n<meta name=\"description\" content=\"Lamir\u221a\u00a9 is a girl that you can get in touch with at classificados Escorts.\" \/>\n<meta name=\"robots\" content=\"index, follow, max-snippet:-1, max-image-preview:large, max-video-preview:-1\" \/>\n<link rel=\"canonical\" href=\"http:\/\/classificados-x.net\/pt\/escolta\/lameiro\/\" \/>\n<meta property=\"og:locale\" content=\"pt_PT\" \/>\n<meta property=\"og:type\" content=\"article\" \/>\n<meta property=\"og:title\" content=\"Lamir\u221a\u00a9\" \/>\n<meta property=\"og:description\" content=\"Lamir\u221a\u00a9 is a girl that you can get in touch with at classificados Escorts.\" \/>\n<meta property=\"og:url\" content=\"http:\/\/classificados-x.net\/pt\/escolta\/lameiro\/\" \/>\n<meta property=\"og:site_name\" content=\"Classificados X - Acompanhantes\" \/>\n<meta property=\"og:image\" content=\"http:\/\/classificados-x.net\/wp-content\/uploads\/2023\/06\/327821_1-2.jpg\" \/>\n\t<meta property=\"og:image:width\" content=\"1\" \/>\n\t<meta property=\"og:image:height\" content=\"1\" \/>\n\t<meta property=\"og:image:type\" content=\"image\/jpeg\" \/>\n<meta name=\"twitter:card\" content=\"summary_large_image\" \/>\n<script type=\"application\/ld+json\" class=\"yoast-schema-graph\">{\"@context\":\"https:\\\/\\\/schema.org\",\"@graph\":[{\"@type\":\"WebPage\",\"@id\":\"http:\\\/\\\/classificados-x.net\\\/escort\\\/lamire\\\/\",\"url\":\"http:\\\/\\\/classificados-x.net\\\/escort\\\/lamire\\\/\",\"name\":\"Lamir\u221a\u00a9 Classificados Escort\",\"isPartOf\":{\"@id\":\"https:\\\/\\\/classificados-x.net\\\/#website\"},\"primaryImageOfPage\":{\"@id\":\"http:\\\/\\\/classificados-x.net\\\/escort\\\/lamire\\\/#primaryimage\"},\"image\":{\"@id\":\"http:\\\/\\\/classificados-x.net\\\/escort\\\/lamire\\\/#primaryimage\"},\"thumbnailUrl\":\"https:\\\/\\\/classificados-x.net\\\/wp-content\\\/uploads\\\/2023\\\/06\\\/327821_1-2.jpg\",\"datePublished\":\"2024-02-20T08:12:40+00:00\",\"description\":\"Lamir\u221a\u00a9 is a girl that you can get in touch with at classificados Escorts.\",\"breadcrumb\":{\"@id\":\"http:\\\/\\\/classificados-x.net\\\/escort\\\/lamire\\\/#breadcrumb\"},\"inLanguage\":\"pt-PT\",\"potentialAction\":[{\"@type\":\"ReadAction\",\"target\":[\"http:\\\/\\\/classificados-x.net\\\/escort\\\/lamire\\\/\"]}]},{\"@type\":\"ImageObject\",\"inLanguage\":\"pt-PT\",\"@id\":\"http:\\\/\\\/classificados-x.net\\\/escort\\\/lamire\\\/#primaryimage\",\"url\":\"https:\\\/\\\/classificados-x.net\\\/wp-content\\\/uploads\\\/2023\\\/06\\\/327821_1-2.jpg\",\"contentUrl\":\"https:\\\/\\\/classificados-x.net\\\/wp-content\\\/uploads\\\/2023\\\/06\\\/327821_1-2.jpg\",\"caption\":\"Lamir\u221a\u00a9\"},{\"@type\":\"BreadcrumbList\",\"@id\":\"http:\\\/\\\/classificados-x.net\\\/escort\\\/lamire\\\/#breadcrumb\",\"itemListElement\":[{\"@type\":\"ListItem\",\"position\":1,\"name\":\"Home\",\"item\":\"https:\\\/\\\/classificados-x.net\\\/\"},{\"@type\":\"ListItem\",\"position\":2,\"name\":\"Classificados X &#8211; Acompanhantes &#8211; Classificados\",\"item\":\"https:\\\/\\\/classificados-x.net\\\/\"},{\"@type\":\"ListItem\",\"position\":3,\"name\":\"Lamir\u221a\u00a9\"}]},{\"@type\":\"WebSite\",\"@id\":\"https:\\\/\\\/classificados-x.net\\\/#website\",\"url\":\"https:\\\/\\\/classificados-x.net\\\/\",\"name\":\"Classificados\",\"description\":\"Classificados X - Acompanhantes\",\"publisher\":{\"@id\":\"https:\\\/\\\/classificados-x.net\\\/#organization\"},\"alternateName\":\"Escorts\",\"potentialAction\":[{\"@type\":\"SearchAction\",\"target\":{\"@type\":\"EntryPoint\",\"urlTemplate\":\"https:\\\/\\\/classificados-x.net\\\/?s={search_term_string}\"},\"query-input\":{\"@type\":\"PropertyValueSpecification\",\"valueRequired\":true,\"valueName\":\"search_term_string\"}}],\"inLanguage\":\"pt-PT\"},{\"@type\":\"Organization\",\"@id\":\"https:\\\/\\\/classificados-x.net\\\/#organization\",\"name\":\"Classificados\",\"url\":\"https:\\\/\\\/classificados-x.net\\\/\",\"logo\":{\"@type\":\"ImageObject\",\"inLanguage\":\"pt-PT\",\"@id\":\"https:\\\/\\\/classificados-x.net\\\/#\\\/schema\\\/logo\\\/image\\\/\",\"url\":\"https:\\\/\\\/classificados-x.net\\\/wp-content\\\/uploads\\\/2023\\\/06\\\/cropped-Copy-of-Luxembourg-escort.lu-300-\u00d7-100px-300-\u00d7-75px-240-\u00d7-75px-240-\u00d7-62px.png\",\"contentUrl\":\"https:\\\/\\\/classificados-x.net\\\/wp-content\\\/uploads\\\/2023\\\/06\\\/cropped-Copy-of-Luxembourg-escort.lu-300-\u00d7-100px-300-\u00d7-75px-240-\u00d7-75px-240-\u00d7-62px.png\",\"width\":240,\"height\":62,\"caption\":\"Classificados\"},\"image\":{\"@id\":\"https:\\\/\\\/classificados-x.net\\\/#\\\/schema\\\/logo\\\/image\\\/\"}}]}<\/script>\n<!-- \/ Yoast SEO Premium plugin. -->","yoast_head_json":{"title":"Lamir\u221a\u00a9 Classificados Acompanhantes","description":"Lamir\u221a\u00a9 \u00e9 uma rapariga com quem pode entrar em contacto na classificados Escorts.","robots":{"index":"index","follow":"follow","max-snippet":"max-snippet:-1","max-image-preview":"max-image-preview:large","max-video-preview":"max-video-preview:-1"},"canonical":"http:\/\/classificados-x.net\/pt\/escolta\/lameiro\/","og_locale":"pt_PT","og_type":"article","og_title":"Lamir\u221a\u00a9","og_description":"Lamir\u221a\u00a9 is a girl that you can get in touch with at classificados Escorts.","og_url":"http:\/\/classificados-x.net\/pt\/escolta\/lameiro\/","og_site_name":"Classificados X - Acompanhantes","og_image":[{"url":"http:\/\/classificados-x.net\/wp-content\/uploads\/2023\/06\/327821_1-2.jpg","width":1,"height":1,"type":"image\/jpeg"}],"twitter_card":"summary_large_image","schema":{"@context":"https:\/\/schema.org","@graph":[{"@type":"WebPage","@id":"http:\/\/classificados-x.net\/escort\/lamire\/","url":"http:\/\/classificados-x.net\/escort\/lamire\/","name":"Lamir\u221a\u00a9 Classificados Acompanhantes","isPartOf":{"@id":"https:\/\/classificados-x.net\/#website"},"primaryImageOfPage":{"@id":"http:\/\/classificados-x.net\/escort\/lamire\/#primaryimage"},"image":{"@id":"http:\/\/classificados-x.net\/escort\/lamire\/#primaryimage"},"thumbnailUrl":"https:\/\/classificados-x.net\/wp-content\/uploads\/2023\/06\/327821_1-2.jpg","datePublished":"2024-02-20T08:12:40+00:00","description":"Lamir\u221a\u00a9 \u00e9 uma rapariga com quem pode entrar em contacto na classificados Escorts.","breadcrumb":{"@id":"http:\/\/classificados-x.net\/escort\/lamire\/#breadcrumb"},"inLanguage":"pt-PT","potentialAction":[{"@type":"ReadAction","target":["http:\/\/classificados-x.net\/escort\/lamire\/"]}]},{"@type":"ImageObject","inLanguage":"pt-PT","@id":"http:\/\/classificados-x.net\/escort\/lamire\/#primaryimage","url":"https:\/\/classificados-x.net\/wp-content\/uploads\/2023\/06\/327821_1-2.jpg","contentUrl":"https:\/\/classificados-x.net\/wp-content\/uploads\/2023\/06\/327821_1-2.jpg","caption":"Lamir\u221a\u00a9"},{"@type":"BreadcrumbList","@id":"http:\/\/classificados-x.net\/escort\/lamire\/#breadcrumb","itemListElement":[{"@type":"ListItem","position":1,"name":"Home","item":"https:\/\/classificados-x.net\/"},{"@type":"ListItem","position":2,"name":"Classificados X &#8211; Acompanhantes &#8211; Classificados","item":"https:\/\/classificados-x.net\/"},{"@type":"ListItem","position":3,"name":"Lamir\u221a\u00a9"}]},{"@type":"WebSite","@id":"https:\/\/classificados-x.net\/#website","url":"https:\/\/classificados-x.net\/","name":"\u00cdndios","description":"Classificados X - Acompanhantes","publisher":{"@id":"https:\/\/classificados-x.net\/#organization"},"alternateName":"Escorts","potentialAction":[{"@type":"SearchAction","target":{"@type":"EntryPoint","urlTemplate":"https:\/\/classificados-x.net\/?s={search_term_string}"},"query-input":{"@type":"PropertyValueSpecification","valueRequired":true,"valueName":"search_term_string"}}],"inLanguage":"pt-PT"},{"@type":"Organization","@id":"https:\/\/classificados-x.net\/#organization","name":"\u00cdndios","url":"https:\/\/classificados-x.net\/","logo":{"@type":"ImageObject","inLanguage":"pt-PT","@id":"https:\/\/classificados-x.net\/#\/schema\/logo\/image\/","url":"https:\/\/classificados-x.net\/wp-content\/uploads\/2023\/06\/cropped-Copy-of-Luxembourg-escort.lu-300-\u00d7-100px-300-\u00d7-75px-240-\u00d7-75px-240-\u00d7-62px.png","contentUrl":"https:\/\/classificados-x.net\/wp-content\/uploads\/2023\/06\/cropped-Copy-of-Luxembourg-escort.lu-300-\u00d7-100px-300-\u00d7-75px-240-\u00d7-75px-240-\u00d7-62px.png","width":240,"height":62,"caption":"Classificados"},"image":{"@id":"https:\/\/classificados-x.net\/#\/schema\/logo\/image\/"}}]}},"_links":{"self":[{"href":"https:\/\/classificados-x.net\/pt\/wp-json\/wp\/v2\/product\/327821","targetHints":{"allow":["GET"]}}],"collection":[{"href":"https:\/\/classificados-x.net\/pt\/wp-json\/wp\/v2\/product"}],"about":[{"href":"https:\/\/classificados-x.net\/pt\/wp-json\/wp\/v2\/types\/product"}],"wp:featuredmedia":[{"embeddable":true,"href":"https:\/\/classificados-x.net\/pt\/wp-json\/wp\/v2\/media\/12380160"}],"wp:attachment":[{"href":"https:\/\/classificados-x.net\/pt\/wp-json\/wp\/v2\/media?parent=327821"}],"wp:term":[{"taxonomy":"product_brand","embeddable":true,"href":"https:\/\/classificados-x.net\/pt\/wp-json\/wp\/v2\/product_brand?post=327821"},{"taxonomy":"product_cat","embeddable":true,"href":"https:\/\/classificados-x.net\/pt\/wp-json\/wp\/v2\/product_cat?post=327821"},{"taxonomy":"product_tag","embeddable":true,"href":"https:\/\/classificados-x.net\/pt\/wp-json\/wp\/v2\/product_tag?post=327821"}],"curies":[{"name":"wp","href":"https:\/\/api.w.org\/{rel}","templated":true}]}}