{"id":327795,"date":"2024-02-14T08:09:23","date_gmt":"2024-02-14T08:09:23","guid":{"rendered":"https:\/\/classificados-x.net\/?post_type=product&#038;p=327795"},"modified":"2024-02-14T08:09:23","modified_gmt":"2024-02-14T08:09:23","slug":"llana","status":"publish","type":"product","link":"https:\/\/classificados-x.net\/pt\/escort\/llana\/","title":{"rendered":"Llana"},"content":{"rendered":"<p>Princesinha magrinha, com l\u221a\u00b0bios grandes e ardentes, que adora usar para beijar e mimar. Procuro aqui um amigo, ou namorado, que me compreenda e tamb\u221a\u00a9m adore usufruir das melhores coisas que a vida oferece. Tamb\u221a\u00a9m posso ouvir propostas de casais para trio.<\/p>","protected":false},"excerpt":{"rendered":"<p>Princesinha magrinha, com l\u221a\u00b0bios grandes e ardentes, que adora usar para beijar e mimar. Procuro aqui um amigo, ou namorado, que me compreenda e tamb\u221a\u00a9m adore usufruir das melhores coisas que a vida oferece. Tamb\u221a\u00a9m posso ouvir propostas de casais para trio.<\/p>","protected":false},"featured_media":12379407,"template":"","meta":[],"product_brand":[],"product_cat":[1067],"product_tag":[895,902,903,893,901,898,904,897,900,894,896,905,899],"class_list":{"0":"post-327795","1":"product","2":"type-product","3":"status-publish","4":"has-post-thumbnail","6":"product_cat-palmela","7":"product_tag-acompanhantes-porto","8":"product_tag-asian-escorts-portugal","9":"product_tag-asian-massage-portugal","10":"product_tag-classificados-x","11":"product_tag-escort-girls-portugal","12":"product_tag-escorts-in-portugal","13":"product_tag-escorts-porto","14":"product_tag-female-escorts-portugal","15":"product_tag-inderpendent-escorts-portugal","16":"product_tag-lisbon-girl-escorts","17":"product_tag-massage-escorts-portugal","18":"product_tag-portugal-sex-guide","19":"product_tag-sexy-escorts-portugal","20":"pa_enjoys-69-position-escorts","21":"pa_enjoys-anal-sex-escorts","22":"pa_enjoys-blindfolding","23":"pa_enjoys-bondage","24":"pa_enjoys-jerk-off-instructions","25":"pa_enjoys-massage","26":"pa_enjoys-medical-play","27":"pa_enjoys-public","28":"pa_enjoys-role-play","29":"pa_enjoys-shaved","30":"pa_enjoys-squirting","31":"pa_enjoys-strap-on","32":"pa_enjoys-sugar-daddy","33":"pa_enjoys-swinger","34":"pa_enjoys-teasingteasing","35":"pa_enjoys-threesome","36":"pa_enjoys-to-dominate","37":"pa_enjoys-uniform","38":"pa_enjoys-voyeur","39":"pa_enjoys-whip","40":"pa_places-city-center","42":"first","43":"instock","44":"shipping-taxable","45":"product-type-external"},"yoast_head":"<!-- This site is optimized with the Yoast SEO Premium plugin v22.3 (Yoast SEO v27.0) - https:\/\/yoast.com\/product\/yoast-seo-premium-wordpress\/ -->\n<title>Llana Classificados Escort<\/title>\n<meta name=\"description\" content=\"Llana is a girl that you can get in touch with at classificados Escorts.\" \/>\n<meta name=\"robots\" content=\"index, follow, max-snippet:-1, max-image-preview:large, max-video-preview:-1\" \/>\n<link rel=\"canonical\" href=\"http:\/\/classificados-x.net\/pt\/escolta\/llana\/\" \/>\n<meta property=\"og:locale\" content=\"pt_PT\" \/>\n<meta property=\"og:type\" content=\"article\" \/>\n<meta property=\"og:title\" content=\"Llana\" \/>\n<meta property=\"og:description\" content=\"Llana is a girl that you can get in touch with at classificados Escorts.\" \/>\n<meta property=\"og:url\" content=\"http:\/\/classificados-x.net\/pt\/escolta\/llana\/\" \/>\n<meta property=\"og:site_name\" content=\"Classificados X - Acompanhantes\" \/>\n<meta property=\"og:image\" content=\"http:\/\/classificados-x.net\/wp-content\/uploads\/2023\/06\/327795_1-2.jpg\" \/>\n\t<meta property=\"og:image:width\" content=\"1\" \/>\n\t<meta property=\"og:image:height\" content=\"1\" \/>\n\t<meta property=\"og:image:type\" content=\"image\/jpeg\" \/>\n<meta name=\"twitter:card\" content=\"summary_large_image\" \/>\n<script type=\"application\/ld+json\" class=\"yoast-schema-graph\">{\"@context\":\"https:\/\/schema.org\",\"@graph\":[{\"@type\":\"WebPage\",\"@id\":\"http:\/\/classificados-x.net\/pt\/escolta\/llana\/\",\"url\":\"http:\/\/classificados-x.net\/pt\/escolta\/llana\/\",\"name\":\"Llana Classificados Escort\",\"isPartOf\":{\"@id\":\"http:\/\/classificados-x.net\/#website\"},\"primaryImageOfPage\":{\"@id\":\"http:\/\/classificados-x.net\/pt\/escolta\/llana\/#primaryimage\"},\"image\":{\"@id\":\"http:\/\/classificados-x.net\/pt\/escolta\/llana\/#primaryimage\"},\"thumbnailUrl\":\"https:\/\/classificados-x.net\/wp-content\/uploads\/2023\/06\/327795_1-2.jpg\",\"datePublished\":\"2024-02-14T08:09:23+00:00\",\"description\":\"Llana is a girl that you can get in touch with at classificados Escorts.\",\"breadcrumb\":{\"@id\":\"http:\/\/classificados-x.net\/pt\/escolta\/llana\/#breadcrumb\"},\"inLanguage\":\"pt-PT\",\"potentialAction\":[{\"@type\":\"ReadAction\",\"target\":[\"http:\/\/classificados-x.net\/pt\/escolta\/llana\/\"]}]},{\"@type\":\"ImageObject\",\"inLanguage\":\"pt-PT\",\"@id\":\"http:\/\/classificados-x.net\/pt\/escolta\/llana\/#primaryimage\",\"url\":\"https:\/\/classificados-x.net\/wp-content\/uploads\/2023\/06\/327795_1-2.jpg\",\"contentUrl\":\"https:\/\/classificados-x.net\/wp-content\/uploads\/2023\/06\/327795_1-2.jpg\",\"caption\":\"Llana\"},{\"@type\":\"BreadcrumbList\",\"@id\":\"http:\/\/classificados-x.net\/pt\/escolta\/llana\/#breadcrumb\",\"itemListElement\":[{\"@type\":\"ListItem\",\"position\":1,\"name\":\"Home\",\"item\":\"http:\/\/classificados-x.net\/\"},{\"@type\":\"ListItem\",\"position\":2,\"name\":\"Classificados X &#8211; Acompanhantes &#8211; Classificados\",\"item\":\"http:\/\/classificados-x.net\/\"},{\"@type\":\"ListItem\",\"position\":3,\"name\":\"Llana\"}]},{\"@type\":\"WebSite\",\"@id\":\"http:\/\/classificados-x.net\/#website\",\"url\":\"http:\/\/classificados-x.net\/\",\"name\":\"Classificados\",\"description\":\"Classificados X - Acompanhantes\",\"publisher\":{\"@id\":\"http:\/\/classificados-x.net\/#organization\"},\"alternateName\":\"Escorts\",\"potentialAction\":[{\"@type\":\"SearchAction\",\"target\":{\"@type\":\"EntryPoint\",\"urlTemplate\":\"http:\/\/classificados-x.net\/?s={search_term_string}\"},\"query-input\":{\"@type\":\"PropertyValueSpecification\",\"valueRequired\":true,\"valueName\":\"search_term_string\"}}],\"inLanguage\":\"pt-PT\"},{\"@type\":\"Organization\",\"@id\":\"http:\/\/classificados-x.net\/#organization\",\"name\":\"Classificados\",\"url\":\"http:\/\/classificados-x.net\/\",\"logo\":{\"@type\":\"ImageObject\",\"inLanguage\":\"pt-PT\",\"@id\":\"http:\/\/classificados-x.net\/#\/schema\/logo\/image\/\",\"url\":\"https:\/\/classificados-x.net\/wp-content\/uploads\/2023\/06\/cropped-Copy-of-Luxembourg-escort.lu-300-\u00d7-100px-300-\u00d7-75px-240-\u00d7-75px-240-\u00d7-62px.png\",\"contentUrl\":\"https:\/\/classificados-x.net\/wp-content\/uploads\/2023\/06\/cropped-Copy-of-Luxembourg-escort.lu-300-\u00d7-100px-300-\u00d7-75px-240-\u00d7-75px-240-\u00d7-62px.png\",\"width\":240,\"height\":62,\"caption\":\"Classificados\"},\"image\":{\"@id\":\"http:\/\/classificados-x.net\/#\/schema\/logo\/image\/\"}}]}<\/script>\n<!-- \/ Yoast SEO Premium plugin. -->","yoast_head_json":{"title":"Llana Classificados Acompanhantes","description":"Llana \u00e9 uma rapariga com quem pode entrar em contacto no Classificados Escorts.","robots":{"index":"index","follow":"follow","max-snippet":"max-snippet:-1","max-image-preview":"max-image-preview:large","max-video-preview":"max-video-preview:-1"},"canonical":"http:\/\/classificados-x.net\/pt\/escolta\/llana\/","og_locale":"pt_PT","og_type":"article","og_title":"Llana","og_description":"Llana is a girl that you can get in touch with at classificados Escorts.","og_url":"http:\/\/classificados-x.net\/pt\/escolta\/llana\/","og_site_name":"Classificados X - Acompanhantes","og_image":[{"url":"http:\/\/classificados-x.net\/wp-content\/uploads\/2023\/06\/327795_1-2.jpg","width":1,"height":1,"type":"image\/jpeg"}],"twitter_card":"summary_large_image","schema":{"@context":"https:\/\/schema.org","@graph":[{"@type":"WebPage","@id":"http:\/\/classificados-x.net\/pt\/escolta\/llana\/","url":"http:\/\/classificados-x.net\/pt\/escolta\/llana\/","name":"Llana Classificados Acompanhantes","isPartOf":{"@id":"http:\/\/classificados-x.net\/#website"},"primaryImageOfPage":{"@id":"http:\/\/classificados-x.net\/pt\/escolta\/llana\/#primaryimage"},"image":{"@id":"http:\/\/classificados-x.net\/pt\/escolta\/llana\/#primaryimage"},"thumbnailUrl":"https:\/\/classificados-x.net\/wp-content\/uploads\/2023\/06\/327795_1-2.jpg","datePublished":"2024-02-14T08:09:23+00:00","description":"Llana \u00e9 uma rapariga com quem pode entrar em contacto no Classificados Escorts.","breadcrumb":{"@id":"http:\/\/classificados-x.net\/pt\/escolta\/llana\/#breadcrumb"},"inLanguage":"pt-PT","potentialAction":[{"@type":"ReadAction","target":["http:\/\/classificados-x.net\/pt\/escolta\/llana\/"]}]},{"@type":"ImageObject","inLanguage":"pt-PT","@id":"http:\/\/classificados-x.net\/pt\/escolta\/llana\/#primaryimage","url":"https:\/\/classificados-x.net\/wp-content\/uploads\/2023\/06\/327795_1-2.jpg","contentUrl":"https:\/\/classificados-x.net\/wp-content\/uploads\/2023\/06\/327795_1-2.jpg","caption":"Llana"},{"@type":"BreadcrumbList","@id":"http:\/\/classificados-x.net\/pt\/escolta\/llana\/#breadcrumb","itemListElement":[{"@type":"ListItem","position":1,"name":"Home","item":"http:\/\/classificados-x.net\/"},{"@type":"ListItem","position":2,"name":"Classificados X &#8211; Acompanhantes &#8211; Classificados","item":"http:\/\/classificados-x.net\/"},{"@type":"ListItem","position":3,"name":"Llana"}]},{"@type":"WebSite","@id":"http:\/\/classificados-x.net\/#website","url":"http:\/\/classificados-x.net\/","name":"\u00cdndios","description":"Classificados X - Acompanhantes","publisher":{"@id":"http:\/\/classificados-x.net\/#organization"},"alternateName":"Escorts","potentialAction":[{"@type":"SearchAction","target":{"@type":"EntryPoint","urlTemplate":"http:\/\/classificados-x.net\/?s={search_term_string}"},"query-input":{"@type":"PropertyValueSpecification","valueRequired":true,"valueName":"search_term_string"}}],"inLanguage":"pt-PT"},{"@type":"Organization","@id":"http:\/\/classificados-x.net\/#organization","name":"\u00cdndios","url":"http:\/\/classificados-x.net\/","logo":{"@type":"ImageObject","inLanguage":"pt-PT","@id":"http:\/\/classificados-x.net\/#\/schema\/logo\/image\/","url":"https:\/\/classificados-x.net\/wp-content\/uploads\/2023\/06\/cropped-Copy-of-Luxembourg-escort.lu-300-\u00d7-100px-300-\u00d7-75px-240-\u00d7-75px-240-\u00d7-62px.png","contentUrl":"https:\/\/classificados-x.net\/wp-content\/uploads\/2023\/06\/cropped-Copy-of-Luxembourg-escort.lu-300-\u00d7-100px-300-\u00d7-75px-240-\u00d7-75px-240-\u00d7-62px.png","width":240,"height":62,"caption":"Classificados"},"image":{"@id":"http:\/\/classificados-x.net\/#\/schema\/logo\/image\/"}}]}},"_links":{"self":[{"href":"https:\/\/classificados-x.net\/pt\/wp-json\/wp\/v2\/product\/327795","targetHints":{"allow":["GET"]}}],"collection":[{"href":"https:\/\/classificados-x.net\/pt\/wp-json\/wp\/v2\/product"}],"about":[{"href":"https:\/\/classificados-x.net\/pt\/wp-json\/wp\/v2\/types\/product"}],"wp:featuredmedia":[{"embeddable":true,"href":"https:\/\/classificados-x.net\/pt\/wp-json\/wp\/v2\/media\/12379407"}],"wp:attachment":[{"href":"https:\/\/classificados-x.net\/pt\/wp-json\/wp\/v2\/media?parent=327795"}],"wp:term":[{"taxonomy":"product_brand","embeddable":true,"href":"https:\/\/classificados-x.net\/pt\/wp-json\/wp\/v2\/product_brand?post=327795"},{"taxonomy":"product_cat","embeddable":true,"href":"https:\/\/classificados-x.net\/pt\/wp-json\/wp\/v2\/product_cat?post=327795"},{"taxonomy":"product_tag","embeddable":true,"href":"https:\/\/classificados-x.net\/pt\/wp-json\/wp\/v2\/product_tag?post=327795"}],"curies":[{"name":"wp","href":"https:\/\/api.w.org\/{rel}","templated":true}]}}