{"id":327765,"date":"2023-06-20T13:06:23","date_gmt":"2023-06-20T13:06:23","guid":{"rendered":"https:\/\/classificados-x.net\/?post_type=product&#038;p=327765"},"modified":"2023-06-20T13:06:23","modified_gmt":"2023-06-20T13:06:23","slug":"dinamite","status":"publish","type":"product","link":"https:\/\/classificados-x.net\/pt\/escort\/dinamyte\/","title":{"rendered":"dinamite"},"content":{"rendered":"<p>\u201cNosso medo mais profundo n\u00e3o \u00e9 que sejamos inadequados. Nosso medo mais profundo \u00e9 que sejamos poderosos al\u00e9m da medida\u2026\u201d<\/p>","protected":false},"excerpt":{"rendered":"<p>\u201cNosso medo mais profundo n\u00e3o \u00e9 que sejamos inadequados. Nosso medo mais profundo \u00e9 que sejamos poderosos al\u00e9m da medida\u2026\u201d<\/p>","protected":false},"featured_media":12380470,"template":"","meta":[],"product_brand":[],"product_cat":[1092],"product_tag":[895,902,903,893,901,898,904,897,900,894,896,905,899],"class_list":{"0":"post-327765","1":"product","2":"type-product","3":"status-publish","4":"has-post-thumbnail","6":"product_cat-sintra","7":"product_tag-acompanhantes-porto","8":"product_tag-asian-escorts-portugal","9":"product_tag-asian-massage-portugal","10":"product_tag-classificados-x","11":"product_tag-escort-girls-portugal","12":"product_tag-escorts-in-portugal","13":"product_tag-escorts-porto","14":"product_tag-female-escorts-portugal","15":"product_tag-inderpendent-escorts-portugal","16":"product_tag-lisbon-girl-escorts","17":"product_tag-massage-escorts-portugal","18":"product_tag-portugal-sex-guide","19":"product_tag-sexy-escorts-portugal","20":"pa_enjoys-69-position-escorts","21":"pa_enjoys-anal-sex-escorts","22":"pa_enjoys-bondage","23":"pa_enjoys-cybersex","24":"pa_enjoys-deepthroat","25":"pa_enjoys-dildo","26":"pa_enjoys-facials","27":"pa_enjoys-footjob","28":"pa_enjoys-handcuffs","29":"pa_enjoys-medical-play","30":"pa_enjoys-no-condom","31":"pa_enjoys-oral-sex","32":"pa_enjoys-orgy","33":"pa_enjoys-reverse-cowgirl","34":"pa_enjoys-rimming","35":"pa_enjoys-spooning","36":"pa_enjoys-teasingteasing","37":"pa_enjoys-threesome","38":"pa_enjoys-uniform","39":"pa_enjoys-voyeur","40":"pa_places-city-center","42":"first","43":"instock","44":"shipping-taxable","45":"product-type-external"},"yoast_head":"<!-- This site is optimized with the Yoast SEO Premium plugin v22.3 (Yoast SEO v27.3) - https:\/\/yoast.com\/product\/yoast-seo-premium-wordpress\/ -->\n<title>Dinamyte Classificados Escort<\/title>\n<meta name=\"description\" content=\"Dinamyte is a girl that you can get in touch with at classificados Escorts.\" \/>\n<meta name=\"robots\" content=\"index, follow, max-snippet:-1, max-image-preview:large, max-video-preview:-1\" \/>\n<link rel=\"canonical\" href=\"http:\/\/classificados-x.net\/pt\/escolta\/dinamite\/\" \/>\n<meta property=\"og:locale\" content=\"pt_PT\" \/>\n<meta property=\"og:type\" content=\"article\" \/>\n<meta property=\"og:title\" content=\"Dinamyte\" \/>\n<meta property=\"og:description\" content=\"Dinamyte is a girl that you can get in touch with at classificados Escorts.\" \/>\n<meta property=\"og:url\" content=\"http:\/\/classificados-x.net\/pt\/escolta\/dinamite\/\" \/>\n<meta property=\"og:site_name\" content=\"Classificados X - Acompanhantes\" \/>\n<meta property=\"og:image\" content=\"http:\/\/classificados-x.net\/wp-content\/uploads\/2023\/06\/327765_1-2.jpg\" \/>\n\t<meta property=\"og:image:width\" content=\"1\" \/>\n\t<meta property=\"og:image:height\" content=\"1\" \/>\n\t<meta property=\"og:image:type\" content=\"image\/jpeg\" \/>\n<meta name=\"twitter:card\" content=\"summary_large_image\" \/>\n<script type=\"application\/ld+json\" class=\"yoast-schema-graph\">{\"@context\":\"https:\\\/\\\/schema.org\",\"@graph\":[{\"@type\":\"WebPage\",\"@id\":\"http:\\\/\\\/classificados-x.net\\\/pt\\\/escolta\\\/dinamite\\\/\",\"url\":\"http:\\\/\\\/classificados-x.net\\\/pt\\\/escolta\\\/dinamite\\\/\",\"name\":\"Dinamyte Classificados Escort\",\"isPartOf\":{\"@id\":\"http:\\\/\\\/classificados-x.net\\\/#website\"},\"primaryImageOfPage\":{\"@id\":\"http:\\\/\\\/classificados-x.net\\\/pt\\\/escolta\\\/dinamite\\\/#primaryimage\"},\"image\":{\"@id\":\"http:\\\/\\\/classificados-x.net\\\/pt\\\/escolta\\\/dinamite\\\/#primaryimage\"},\"thumbnailUrl\":\"https:\\\/\\\/classificados-x.net\\\/wp-content\\\/uploads\\\/2023\\\/06\\\/327765_1-2.jpg\",\"datePublished\":\"2023-06-20T13:06:23+00:00\",\"description\":\"Dinamyte is a girl that you can get in touch with at classificados Escorts.\",\"breadcrumb\":{\"@id\":\"http:\\\/\\\/classificados-x.net\\\/pt\\\/escolta\\\/dinamite\\\/#breadcrumb\"},\"inLanguage\":\"pt-PT\",\"potentialAction\":[{\"@type\":\"ReadAction\",\"target\":[\"http:\\\/\\\/classificados-x.net\\\/pt\\\/escolta\\\/dinamite\\\/\"]}]},{\"@type\":\"ImageObject\",\"inLanguage\":\"pt-PT\",\"@id\":\"http:\\\/\\\/classificados-x.net\\\/pt\\\/escolta\\\/dinamite\\\/#primaryimage\",\"url\":\"https:\\\/\\\/classificados-x.net\\\/wp-content\\\/uploads\\\/2023\\\/06\\\/327765_1-2.jpg\",\"contentUrl\":\"https:\\\/\\\/classificados-x.net\\\/wp-content\\\/uploads\\\/2023\\\/06\\\/327765_1-2.jpg\",\"caption\":\"Dinamyte\"},{\"@type\":\"BreadcrumbList\",\"@id\":\"http:\\\/\\\/classificados-x.net\\\/pt\\\/escolta\\\/dinamite\\\/#breadcrumb\",\"itemListElement\":[{\"@type\":\"ListItem\",\"position\":1,\"name\":\"Home\",\"item\":\"http:\\\/\\\/classificados-x.net\\\/\"},{\"@type\":\"ListItem\",\"position\":2,\"name\":\"Classificados X &#8211; Acompanhantes &#8211; Classificados\",\"item\":\"http:\\\/\\\/classificados-x.net\\\/\"},{\"@type\":\"ListItem\",\"position\":3,\"name\":\"Dinamyte\"}]},{\"@type\":\"WebSite\",\"@id\":\"http:\\\/\\\/classificados-x.net\\\/#website\",\"url\":\"http:\\\/\\\/classificados-x.net\\\/\",\"name\":\"Classificados\",\"description\":\"Classificados X - Acompanhantes\",\"publisher\":{\"@id\":\"http:\\\/\\\/classificados-x.net\\\/#organization\"},\"alternateName\":\"Escorts\",\"potentialAction\":[{\"@type\":\"SearchAction\",\"target\":{\"@type\":\"EntryPoint\",\"urlTemplate\":\"http:\\\/\\\/classificados-x.net\\\/?s={search_term_string}\"},\"query-input\":{\"@type\":\"PropertyValueSpecification\",\"valueRequired\":true,\"valueName\":\"search_term_string\"}}],\"inLanguage\":\"pt-PT\"},{\"@type\":\"Organization\",\"@id\":\"http:\\\/\\\/classificados-x.net\\\/#organization\",\"name\":\"Classificados\",\"url\":\"http:\\\/\\\/classificados-x.net\\\/\",\"logo\":{\"@type\":\"ImageObject\",\"inLanguage\":\"pt-PT\",\"@id\":\"http:\\\/\\\/classificados-x.net\\\/#\\\/schema\\\/logo\\\/image\\\/\",\"url\":\"https:\\\/\\\/classificados-x.net\\\/wp-content\\\/uploads\\\/2023\\\/06\\\/cropped-Copy-of-Luxembourg-escort.lu-300-\u00d7-100px-300-\u00d7-75px-240-\u00d7-75px-240-\u00d7-62px.png\",\"contentUrl\":\"https:\\\/\\\/classificados-x.net\\\/wp-content\\\/uploads\\\/2023\\\/06\\\/cropped-Copy-of-Luxembourg-escort.lu-300-\u00d7-100px-300-\u00d7-75px-240-\u00d7-75px-240-\u00d7-62px.png\",\"width\":240,\"height\":62,\"caption\":\"Classificados\"},\"image\":{\"@id\":\"http:\\\/\\\/classificados-x.net\\\/#\\\/schema\\\/logo\\\/image\\\/\"}}]}<\/script>\n<!-- \/ Yoast SEO Premium plugin. -->","yoast_head_json":{"title":"Dinamyte Classificados Escort","description":"Dinamyte \u00e9 uma garota com quem voc\u00ea pode entrar em contato em classificados Escorts.","robots":{"index":"index","follow":"follow","max-snippet":"max-snippet:-1","max-image-preview":"max-image-preview:large","max-video-preview":"max-video-preview:-1"},"canonical":"http:\/\/classificados-x.net\/pt\/escolta\/dinamite\/","og_locale":"pt_PT","og_type":"article","og_title":"Dinamyte","og_description":"Dinamyte is a girl that you can get in touch with at classificados Escorts.","og_url":"http:\/\/classificados-x.net\/pt\/escolta\/dinamite\/","og_site_name":"Classificados X - Acompanhantes","og_image":[{"url":"http:\/\/classificados-x.net\/wp-content\/uploads\/2023\/06\/327765_1-2.jpg","width":1,"height":1,"type":"image\/jpeg"}],"twitter_card":"summary_large_image","schema":{"@context":"https:\/\/schema.org","@graph":[{"@type":"WebPage","@id":"http:\/\/classificados-x.net\/pt\/escolta\/dinamite\/","url":"http:\/\/classificados-x.net\/pt\/escolta\/dinamite\/","name":"Dinamyte Classificados Escort","isPartOf":{"@id":"http:\/\/classificados-x.net\/#website"},"primaryImageOfPage":{"@id":"http:\/\/classificados-x.net\/pt\/escolta\/dinamite\/#primaryimage"},"image":{"@id":"http:\/\/classificados-x.net\/pt\/escolta\/dinamite\/#primaryimage"},"thumbnailUrl":"https:\/\/classificados-x.net\/wp-content\/uploads\/2023\/06\/327765_1-2.jpg","datePublished":"2023-06-20T13:06:23+00:00","description":"Dinamyte \u00e9 uma garota com quem voc\u00ea pode entrar em contato em classificados Escorts.","breadcrumb":{"@id":"http:\/\/classificados-x.net\/pt\/escolta\/dinamite\/#breadcrumb"},"inLanguage":"pt-PT","potentialAction":[{"@type":"ReadAction","target":["http:\/\/classificados-x.net\/pt\/escolta\/dinamite\/"]}]},{"@type":"ImageObject","inLanguage":"pt-PT","@id":"http:\/\/classificados-x.net\/pt\/escolta\/dinamite\/#primaryimage","url":"https:\/\/classificados-x.net\/wp-content\/uploads\/2023\/06\/327765_1-2.jpg","contentUrl":"https:\/\/classificados-x.net\/wp-content\/uploads\/2023\/06\/327765_1-2.jpg","caption":"Dinamyte"},{"@type":"BreadcrumbList","@id":"http:\/\/classificados-x.net\/pt\/escolta\/dinamite\/#breadcrumb","itemListElement":[{"@type":"ListItem","position":1,"name":"Home","item":"http:\/\/classificados-x.net\/"},{"@type":"ListItem","position":2,"name":"Classificados X &#8211; Acompanhantes &#8211; Classificados","item":"http:\/\/classificados-x.net\/"},{"@type":"ListItem","position":3,"name":"Dinamyte"}]},{"@type":"WebSite","@id":"http:\/\/classificados-x.net\/#website","url":"http:\/\/classificados-x.net\/","name":"\u00cdndios","description":"Classificados X - Acompanhantes","publisher":{"@id":"http:\/\/classificados-x.net\/#organization"},"alternateName":"Escorts","potentialAction":[{"@type":"SearchAction","target":{"@type":"EntryPoint","urlTemplate":"http:\/\/classificados-x.net\/?s={search_term_string}"},"query-input":{"@type":"PropertyValueSpecification","valueRequired":true,"valueName":"search_term_string"}}],"inLanguage":"pt-PT"},{"@type":"Organization","@id":"http:\/\/classificados-x.net\/#organization","name":"\u00cdndios","url":"http:\/\/classificados-x.net\/","logo":{"@type":"ImageObject","inLanguage":"pt-PT","@id":"http:\/\/classificados-x.net\/#\/schema\/logo\/image\/","url":"https:\/\/classificados-x.net\/wp-content\/uploads\/2023\/06\/cropped-Copy-of-Luxembourg-escort.lu-300-\u00d7-100px-300-\u00d7-75px-240-\u00d7-75px-240-\u00d7-62px.png","contentUrl":"https:\/\/classificados-x.net\/wp-content\/uploads\/2023\/06\/cropped-Copy-of-Luxembourg-escort.lu-300-\u00d7-100px-300-\u00d7-75px-240-\u00d7-75px-240-\u00d7-62px.png","width":240,"height":62,"caption":"Classificados"},"image":{"@id":"http:\/\/classificados-x.net\/#\/schema\/logo\/image\/"}}]}},"_links":{"self":[{"href":"https:\/\/classificados-x.net\/pt\/wp-json\/wp\/v2\/product\/327765","targetHints":{"allow":["GET"]}}],"collection":[{"href":"https:\/\/classificados-x.net\/pt\/wp-json\/wp\/v2\/product"}],"about":[{"href":"https:\/\/classificados-x.net\/pt\/wp-json\/wp\/v2\/types\/product"}],"wp:featuredmedia":[{"embeddable":true,"href":"https:\/\/classificados-x.net\/pt\/wp-json\/wp\/v2\/media\/12380470"}],"wp:attachment":[{"href":"https:\/\/classificados-x.net\/pt\/wp-json\/wp\/v2\/media?parent=327765"}],"wp:term":[{"taxonomy":"product_brand","embeddable":true,"href":"https:\/\/classificados-x.net\/pt\/wp-json\/wp\/v2\/product_brand?post=327765"},{"taxonomy":"product_cat","embeddable":true,"href":"https:\/\/classificados-x.net\/pt\/wp-json\/wp\/v2\/product_cat?post=327765"},{"taxonomy":"product_tag","embeddable":true,"href":"https:\/\/classificados-x.net\/pt\/wp-json\/wp\/v2\/product_tag?post=327765"}],"curies":[{"name":"wp","href":"https:\/\/api.w.org\/{rel}","templated":true}]}}