{"id":327762,"date":"2024-02-06T08:09:37","date_gmt":"2024-02-06T08:09:37","guid":{"rendered":"https:\/\/classificados-x.net\/?post_type=product&#038;p=327762"},"modified":"2024-02-06T08:09:37","modified_gmt":"2024-02-06T08:09:37","slug":"bebe-husky","status":"publish","type":"product","link":"https:\/\/classificados-x.net\/pt\/escort\/huskybaby\/","title":{"rendered":"Beb\u00ea Husky"},"content":{"rendered":"<p>A precipita\u221a\u00df\u221a\u00a3o \u221a\u00a9 o ato mais falho de todo ignorante.<\/p>","protected":false},"excerpt":{"rendered":"<p>A precipita\u221a\u00df\u221a\u00a3o \u221a\u00a9 o ato mais falho de todo ignorante.<\/p>","protected":false},"featured_media":12373572,"template":"","meta":[],"product_brand":[],"product_cat":[949],"product_tag":[895,902,903,893,901,898,904,897,900,894,896,905,899],"class_list":{"0":"post-327762","1":"product","2":"type-product","3":"status-publish","4":"has-post-thumbnail","6":"product_cat-amadora","7":"product_tag-acompanhantes-porto","8":"product_tag-asian-escorts-portugal","9":"product_tag-asian-massage-portugal","10":"product_tag-classificados-x","11":"product_tag-escort-girls-portugal","12":"product_tag-escorts-in-portugal","13":"product_tag-escorts-porto","14":"product_tag-female-escorts-portugal","15":"product_tag-inderpendent-escorts-portugal","16":"product_tag-lisbon-girl-escorts","17":"product_tag-massage-escorts-portugal","18":"product_tag-portugal-sex-guide","19":"product_tag-sexy-escorts-portugal","20":"pa_enjoys-69-position-escorts","21":"pa_enjoys-anal-sex-escorts","22":"pa_enjoys-being-dominated","23":"pa_enjoys-big-dick","24":"pa_enjoys-bondage","25":"pa_enjoys-bondage-bdsm","26":"pa_enjoys-butt-plug","27":"pa_enjoys-couples","28":"pa_enjoys-dildo","29":"pa_enjoys-footjob","30":"pa_enjoys-masturbation","31":"pa_enjoys-orgy","32":"pa_enjoys-role-play","33":"pa_enjoys-strap-on","34":"pa_enjoys-swallow","35":"pa_enjoys-threesome","36":"pa_enjoys-to-dominate","37":"pa_enjoys-whip","38":"pa_places-city-center","40":"first","41":"instock","42":"shipping-taxable","43":"product-type-external"},"yoast_head":"<!-- This site is optimized with the Yoast SEO Premium plugin v22.3 (Yoast SEO v27.3) - https:\/\/yoast.com\/product\/yoast-seo-premium-wordpress\/ -->\n<title>Huskybaby Classificados Escort<\/title>\n<meta name=\"description\" content=\"Huskybaby is a girl that you can get in touch with at classificados Escorts.\" \/>\n<meta name=\"robots\" content=\"index, follow, max-snippet:-1, max-image-preview:large, max-video-preview:-1\" \/>\n<link rel=\"canonical\" href=\"https:\/\/classificados-x.net\/pt\/escolta\/bebe-husky\/\" \/>\n<meta property=\"og:locale\" content=\"pt_PT\" \/>\n<meta property=\"og:type\" content=\"article\" \/>\n<meta property=\"og:title\" content=\"Huskybaby\" \/>\n<meta property=\"og:description\" content=\"Huskybaby is a girl that you can get in touch with at classificados Escorts.\" \/>\n<meta property=\"og:url\" content=\"https:\/\/classificados-x.net\/pt\/escolta\/bebe-husky\/\" \/>\n<meta property=\"og:site_name\" content=\"Classificados X - Acompanhantes\" \/>\n<meta property=\"og:image\" content=\"https:\/\/classificados-x.net\/wp-content\/uploads\/2023\/06\/327762_1-2.jpg\" \/>\n\t<meta property=\"og:image:width\" content=\"1\" \/>\n\t<meta property=\"og:image:height\" content=\"1\" \/>\n\t<meta property=\"og:image:type\" content=\"image\/jpeg\" \/>\n<meta name=\"twitter:card\" content=\"summary_large_image\" \/>\n<script type=\"application\/ld+json\" class=\"yoast-schema-graph\">{\"@context\":\"https:\\\/\\\/schema.org\",\"@graph\":[{\"@type\":\"WebPage\",\"@id\":\"https:\\\/\\\/classificados-x.net\\\/pt\\\/escolta\\\/bebe-husky\\\/\",\"url\":\"https:\\\/\\\/classificados-x.net\\\/pt\\\/escolta\\\/bebe-husky\\\/\",\"name\":\"Huskybaby Classificados Escort\",\"isPartOf\":{\"@id\":\"https:\\\/\\\/classificados-x.net\\\/pt\\\/#website\"},\"primaryImageOfPage\":{\"@id\":\"https:\\\/\\\/classificados-x.net\\\/pt\\\/escolta\\\/bebe-husky\\\/#primaryimage\"},\"image\":{\"@id\":\"https:\\\/\\\/classificados-x.net\\\/pt\\\/escolta\\\/bebe-husky\\\/#primaryimage\"},\"thumbnailUrl\":\"https:\\\/\\\/classificados-x.net\\\/wp-content\\\/uploads\\\/2023\\\/06\\\/327762_1-2.jpg\",\"datePublished\":\"2024-02-06T08:09:37+00:00\",\"description\":\"Huskybaby is a girl that you can get in touch with at classificados Escorts.\",\"breadcrumb\":{\"@id\":\"https:\\\/\\\/classificados-x.net\\\/pt\\\/escolta\\\/bebe-husky\\\/#breadcrumb\"},\"inLanguage\":\"pt-PT\",\"potentialAction\":[{\"@type\":\"ReadAction\",\"target\":[\"https:\\\/\\\/classificados-x.net\\\/pt\\\/escolta\\\/bebe-husky\\\/\"]}]},{\"@type\":\"ImageObject\",\"inLanguage\":\"pt-PT\",\"@id\":\"https:\\\/\\\/classificados-x.net\\\/pt\\\/escolta\\\/bebe-husky\\\/#primaryimage\",\"url\":\"https:\\\/\\\/classificados-x.net\\\/wp-content\\\/uploads\\\/2023\\\/06\\\/327762_1-2.jpg\",\"contentUrl\":\"https:\\\/\\\/classificados-x.net\\\/wp-content\\\/uploads\\\/2023\\\/06\\\/327762_1-2.jpg\",\"caption\":\"Huskybaby\"},{\"@type\":\"BreadcrumbList\",\"@id\":\"https:\\\/\\\/classificados-x.net\\\/pt\\\/escolta\\\/bebe-husky\\\/#breadcrumb\",\"itemListElement\":[{\"@type\":\"ListItem\",\"position\":1,\"name\":\"Home\",\"item\":\"https:\\\/\\\/classificados-x.net\\\/pt\\\/\"},{\"@type\":\"ListItem\",\"position\":2,\"name\":\"Classificados X &#8211; Acompanhantes &#8211; Classificados\",\"item\":\"https:\\\/\\\/classificados-x.net\\\/pt\\\/\"},{\"@type\":\"ListItem\",\"position\":3,\"name\":\"Huskybaby\"}]},{\"@type\":\"WebSite\",\"@id\":\"https:\\\/\\\/classificados-x.net\\\/pt\\\/#website\",\"url\":\"https:\\\/\\\/classificados-x.net\\\/pt\\\/\",\"name\":\"Classificados\",\"description\":\"Classificados X - Acompanhantes\",\"publisher\":{\"@id\":\"https:\\\/\\\/classificados-x.net\\\/pt\\\/#organization\"},\"alternateName\":\"Escorts\",\"potentialAction\":[{\"@type\":\"SearchAction\",\"target\":{\"@type\":\"EntryPoint\",\"urlTemplate\":\"https:\\\/\\\/classificados-x.net\\\/pt\\\/?s={search_term_string}\"},\"query-input\":{\"@type\":\"PropertyValueSpecification\",\"valueRequired\":true,\"valueName\":\"search_term_string\"}}],\"inLanguage\":\"pt-PT\"},{\"@type\":\"Organization\",\"@id\":\"https:\\\/\\\/classificados-x.net\\\/pt\\\/#organization\",\"name\":\"Classificados\",\"url\":\"https:\\\/\\\/classificados-x.net\\\/pt\\\/\",\"logo\":{\"@type\":\"ImageObject\",\"inLanguage\":\"pt-PT\",\"@id\":\"https:\\\/\\\/classificados-x.net\\\/pt\\\/#\\\/schema\\\/logo\\\/image\\\/\",\"url\":\"https:\\\/\\\/classificados-x.net\\\/wp-content\\\/uploads\\\/2023\\\/06\\\/cropped-Copy-of-Luxembourg-escort.lu-300-\u00d7-100px-300-\u00d7-75px-240-\u00d7-75px-240-\u00d7-62px.png\",\"contentUrl\":\"https:\\\/\\\/classificados-x.net\\\/wp-content\\\/uploads\\\/2023\\\/06\\\/cropped-Copy-of-Luxembourg-escort.lu-300-\u00d7-100px-300-\u00d7-75px-240-\u00d7-75px-240-\u00d7-62px.png\",\"width\":240,\"height\":62,\"caption\":\"Classificados\"},\"image\":{\"@id\":\"https:\\\/\\\/classificados-x.net\\\/pt\\\/#\\\/schema\\\/logo\\\/image\\\/\"}}]}<\/script>\n<!-- \/ Yoast SEO Premium plugin. -->","yoast_head_json":{"title":"Acompanhante Huskybaby Classificados","description":"Huskybaby \u00e9 uma garota com quem voc\u00ea pode entrar em contato em classificados Escorts.","robots":{"index":"index","follow":"follow","max-snippet":"max-snippet:-1","max-image-preview":"max-image-preview:large","max-video-preview":"max-video-preview:-1"},"canonical":"https:\/\/classificados-x.net\/pt\/escolta\/bebe-husky\/","og_locale":"pt_PT","og_type":"article","og_title":"Huskybaby","og_description":"Huskybaby is a girl that you can get in touch with at classificados Escorts.","og_url":"https:\/\/classificados-x.net\/pt\/escolta\/bebe-husky\/","og_site_name":"Classificados X - Acompanhantes","og_image":[{"url":"https:\/\/classificados-x.net\/wp-content\/uploads\/2023\/06\/327762_1-2.jpg","width":1,"height":1,"type":"image\/jpeg"}],"twitter_card":"summary_large_image","schema":{"@context":"https:\/\/schema.org","@graph":[{"@type":"WebPage","@id":"https:\/\/classificados-x.net\/pt\/escolta\/bebe-husky\/","url":"https:\/\/classificados-x.net\/pt\/escolta\/bebe-husky\/","name":"Acompanhante Huskybaby Classificados","isPartOf":{"@id":"https:\/\/classificados-x.net\/pt\/#website"},"primaryImageOfPage":{"@id":"https:\/\/classificados-x.net\/pt\/escolta\/bebe-husky\/#primaryimage"},"image":{"@id":"https:\/\/classificados-x.net\/pt\/escolta\/bebe-husky\/#primaryimage"},"thumbnailUrl":"https:\/\/classificados-x.net\/wp-content\/uploads\/2023\/06\/327762_1-2.jpg","datePublished":"2024-02-06T08:09:37+00:00","description":"Huskybaby \u00e9 uma garota com quem voc\u00ea pode entrar em contato em classificados Escorts.","breadcrumb":{"@id":"https:\/\/classificados-x.net\/pt\/escolta\/bebe-husky\/#breadcrumb"},"inLanguage":"pt-PT","potentialAction":[{"@type":"ReadAction","target":["https:\/\/classificados-x.net\/pt\/escolta\/bebe-husky\/"]}]},{"@type":"ImageObject","inLanguage":"pt-PT","@id":"https:\/\/classificados-x.net\/pt\/escolta\/bebe-husky\/#primaryimage","url":"https:\/\/classificados-x.net\/wp-content\/uploads\/2023\/06\/327762_1-2.jpg","contentUrl":"https:\/\/classificados-x.net\/wp-content\/uploads\/2023\/06\/327762_1-2.jpg","caption":"Huskybaby"},{"@type":"BreadcrumbList","@id":"https:\/\/classificados-x.net\/pt\/escolta\/bebe-husky\/#breadcrumb","itemListElement":[{"@type":"ListItem","position":1,"name":"Home","item":"https:\/\/classificados-x.net\/pt\/"},{"@type":"ListItem","position":2,"name":"Classificados X &#8211; Acompanhantes &#8211; Classificados","item":"https:\/\/classificados-x.net\/pt\/"},{"@type":"ListItem","position":3,"name":"Huskybaby"}]},{"@type":"WebSite","@id":"https:\/\/classificados-x.net\/pt\/#website","url":"https:\/\/classificados-x.net\/pt\/","name":"\u00cdndios","description":"Classificados X - Acompanhantes","publisher":{"@id":"https:\/\/classificados-x.net\/pt\/#organization"},"alternateName":"Escorts","potentialAction":[{"@type":"SearchAction","target":{"@type":"EntryPoint","urlTemplate":"https:\/\/classificados-x.net\/pt\/?s={search_term_string}"},"query-input":{"@type":"PropertyValueSpecification","valueRequired":true,"valueName":"search_term_string"}}],"inLanguage":"pt-PT"},{"@type":"Organization","@id":"https:\/\/classificados-x.net\/pt\/#organization","name":"\u00cdndios","url":"https:\/\/classificados-x.net\/pt\/","logo":{"@type":"ImageObject","inLanguage":"pt-PT","@id":"https:\/\/classificados-x.net\/pt\/#\/schema\/logo\/image\/","url":"https:\/\/classificados-x.net\/wp-content\/uploads\/2023\/06\/cropped-Copy-of-Luxembourg-escort.lu-300-\u00d7-100px-300-\u00d7-75px-240-\u00d7-75px-240-\u00d7-62px.png","contentUrl":"https:\/\/classificados-x.net\/wp-content\/uploads\/2023\/06\/cropped-Copy-of-Luxembourg-escort.lu-300-\u00d7-100px-300-\u00d7-75px-240-\u00d7-75px-240-\u00d7-62px.png","width":240,"height":62,"caption":"Classificados"},"image":{"@id":"https:\/\/classificados-x.net\/pt\/#\/schema\/logo\/image\/"}}]}},"_links":{"self":[{"href":"https:\/\/classificados-x.net\/pt\/wp-json\/wp\/v2\/product\/327762","targetHints":{"allow":["GET"]}}],"collection":[{"href":"https:\/\/classificados-x.net\/pt\/wp-json\/wp\/v2\/product"}],"about":[{"href":"https:\/\/classificados-x.net\/pt\/wp-json\/wp\/v2\/types\/product"}],"wp:featuredmedia":[{"embeddable":true,"href":"https:\/\/classificados-x.net\/pt\/wp-json\/wp\/v2\/media\/12373572"}],"wp:attachment":[{"href":"https:\/\/classificados-x.net\/pt\/wp-json\/wp\/v2\/media?parent=327762"}],"wp:term":[{"taxonomy":"product_brand","embeddable":true,"href":"https:\/\/classificados-x.net\/pt\/wp-json\/wp\/v2\/product_brand?post=327762"},{"taxonomy":"product_cat","embeddable":true,"href":"https:\/\/classificados-x.net\/pt\/wp-json\/wp\/v2\/product_cat?post=327762"},{"taxonomy":"product_tag","embeddable":true,"href":"https:\/\/classificados-x.net\/pt\/wp-json\/wp\/v2\/product_tag?post=327762"}],"curies":[{"name":"wp","href":"https:\/\/api.w.org\/{rel}","templated":true}]}}