{"id":327649,"date":"2024-01-17T08:09:08","date_gmt":"2024-01-17T08:09:08","guid":{"rendered":"https:\/\/classificados-x.net\/?post_type=product&#038;p=327649"},"modified":"2024-01-17T08:09:08","modified_gmt":"2024-01-17T08:09:08","slug":"loirinha","status":"publish","type":"product","link":"https:\/\/classificados-x.net\/pt\/escort\/loirinha\/","title":{"rendered":"loirinha"},"content":{"rendered":"<p>Um pouco t\u221a\u2260mida mas quando ganhe confian\u00e7a\u221a\u00dfa fico extrovertida<\/p>","protected":false},"excerpt":{"rendered":"<p>Um pouco t\u221a\u2260mida mas quando ganhe confian\u00e7a\u221a\u00dfa fico extrovertida<\/p>","protected":false},"featured_media":12378570,"template":"","meta":[],"product_brand":[],"product_cat":[1023],"product_tag":[895,902,903,893,901,898,904,897,900,894,896,905,899],"class_list":{"0":"post-327649","1":"product","2":"type-product","3":"status-publish","4":"has-post-thumbnail","6":"product_cat-lisboa","7":"product_tag-acompanhantes-porto","8":"product_tag-asian-escorts-portugal","9":"product_tag-asian-massage-portugal","10":"product_tag-classificados-x","11":"product_tag-escort-girls-portugal","12":"product_tag-escorts-in-portugal","13":"product_tag-escorts-porto","14":"product_tag-female-escorts-portugal","15":"product_tag-inderpendent-escorts-portugal","16":"product_tag-lisbon-girl-escorts","17":"product_tag-massage-escorts-portugal","18":"product_tag-portugal-sex-guide","19":"product_tag-sexy-escorts-portugal","20":"pa_enjoys-dildo","21":"pa_enjoys-kissing","22":"pa_enjoys-massage","23":"pa_enjoys-muscles","24":"pa_enjoys-public","25":"pa_enjoys-shaved","26":"pa_enjoys-teasingteasing","27":"pa_places-chiado","28":"pa_places-graca","29":"pa_places-lapa","30":"pa_places-parque-das-nacaes","31":"pa_places-alfama","32":"pa_places-prancipe-real","33":"pa_places-avenida-da-liberdade","34":"pa_places-costa-da-caparica","35":"pa_places-avenidas-novas","36":"pa_places-bairro-alto","37":"pa_places-baixa","38":"pa_places-belem","39":"pa_places-cais-do-sodre","41":"first","42":"instock","43":"shipping-taxable","44":"product-type-external"},"yoast_head":"<!-- This site is optimized with the Yoast SEO Premium plugin v22.3 (Yoast SEO v27.0) - https:\/\/yoast.com\/product\/yoast-seo-premium-wordpress\/ -->\n<title>loirinha Classificados Escort<\/title>\n<meta name=\"description\" content=\"loirinha is a girl that you can get in touch with at classificados Escorts.\" \/>\n<meta name=\"robots\" content=\"index, follow, max-snippet:-1, max-image-preview:large, max-video-preview:-1\" \/>\n<link rel=\"canonical\" href=\"https:\/\/classificados-x.net\/pt\/escolta\/loirinha\/\" \/>\n<meta property=\"og:locale\" content=\"pt_PT\" \/>\n<meta property=\"og:type\" content=\"article\" \/>\n<meta property=\"og:title\" content=\"loirinha\" \/>\n<meta property=\"og:description\" content=\"loirinha is a girl that you can get in touch with at classificados Escorts.\" \/>\n<meta property=\"og:url\" content=\"https:\/\/classificados-x.net\/pt\/escolta\/loirinha\/\" \/>\n<meta property=\"og:site_name\" content=\"Classificados X - Acompanhantes\" \/>\n<meta property=\"og:image\" content=\"https:\/\/classificados-x.net\/wp-content\/uploads\/2023\/06\/327649_1-2.jpg\" \/>\n\t<meta property=\"og:image:width\" content=\"1\" \/>\n\t<meta property=\"og:image:height\" content=\"1\" \/>\n\t<meta property=\"og:image:type\" content=\"image\/jpeg\" \/>\n<meta name=\"twitter:card\" content=\"summary_large_image\" \/>\n<script type=\"application\/ld+json\" class=\"yoast-schema-graph\">{\"@context\":\"https:\/\/schema.org\",\"@graph\":[{\"@type\":\"WebPage\",\"@id\":\"https:\/\/classificados-x.net\/pt\/escolta\/loirinha\/\",\"url\":\"https:\/\/classificados-x.net\/pt\/escolta\/loirinha\/\",\"name\":\"loirinha Classificados Escort\",\"isPartOf\":{\"@id\":\"http:\/\/classificados-x.net\/#website\"},\"primaryImageOfPage\":{\"@id\":\"https:\/\/classificados-x.net\/pt\/escolta\/loirinha\/#primaryimage\"},\"image\":{\"@id\":\"https:\/\/classificados-x.net\/pt\/escolta\/loirinha\/#primaryimage\"},\"thumbnailUrl\":\"https:\/\/classificados-x.net\/wp-content\/uploads\/2023\/06\/327649_1-2.jpg\",\"datePublished\":\"2024-01-17T08:09:08+00:00\",\"description\":\"loirinha is a girl that you can get in touch with at classificados Escorts.\",\"breadcrumb\":{\"@id\":\"https:\/\/classificados-x.net\/pt\/escolta\/loirinha\/#breadcrumb\"},\"inLanguage\":\"pt-PT\",\"potentialAction\":[{\"@type\":\"ReadAction\",\"target\":[\"https:\/\/classificados-x.net\/pt\/escolta\/loirinha\/\"]}]},{\"@type\":\"ImageObject\",\"inLanguage\":\"pt-PT\",\"@id\":\"https:\/\/classificados-x.net\/pt\/escolta\/loirinha\/#primaryimage\",\"url\":\"https:\/\/classificados-x.net\/wp-content\/uploads\/2023\/06\/327649_1-2.jpg\",\"contentUrl\":\"https:\/\/classificados-x.net\/wp-content\/uploads\/2023\/06\/327649_1-2.jpg\",\"caption\":\"loirinha\"},{\"@type\":\"BreadcrumbList\",\"@id\":\"https:\/\/classificados-x.net\/pt\/escolta\/loirinha\/#breadcrumb\",\"itemListElement\":[{\"@type\":\"ListItem\",\"position\":1,\"name\":\"Home\",\"item\":\"http:\/\/classificados-x.net\/\"},{\"@type\":\"ListItem\",\"position\":2,\"name\":\"Classificados X &#8211; Acompanhantes &#8211; Classificados\",\"item\":\"http:\/\/classificados-x.net\/\"},{\"@type\":\"ListItem\",\"position\":3,\"name\":\"loirinha\"}]},{\"@type\":\"WebSite\",\"@id\":\"http:\/\/classificados-x.net\/#website\",\"url\":\"http:\/\/classificados-x.net\/\",\"name\":\"Classificados\",\"description\":\"Classificados X - Acompanhantes\",\"publisher\":{\"@id\":\"http:\/\/classificados-x.net\/#organization\"},\"alternateName\":\"Escorts\",\"potentialAction\":[{\"@type\":\"SearchAction\",\"target\":{\"@type\":\"EntryPoint\",\"urlTemplate\":\"http:\/\/classificados-x.net\/?s={search_term_string}\"},\"query-input\":{\"@type\":\"PropertyValueSpecification\",\"valueRequired\":true,\"valueName\":\"search_term_string\"}}],\"inLanguage\":\"pt-PT\"},{\"@type\":\"Organization\",\"@id\":\"http:\/\/classificados-x.net\/#organization\",\"name\":\"Classificados\",\"url\":\"http:\/\/classificados-x.net\/\",\"logo\":{\"@type\":\"ImageObject\",\"inLanguage\":\"pt-PT\",\"@id\":\"http:\/\/classificados-x.net\/#\/schema\/logo\/image\/\",\"url\":\"https:\/\/classificados-x.net\/wp-content\/uploads\/2023\/06\/cropped-Copy-of-Luxembourg-escort.lu-300-\u00d7-100px-300-\u00d7-75px-240-\u00d7-75px-240-\u00d7-62px.png\",\"contentUrl\":\"https:\/\/classificados-x.net\/wp-content\/uploads\/2023\/06\/cropped-Copy-of-Luxembourg-escort.lu-300-\u00d7-100px-300-\u00d7-75px-240-\u00d7-75px-240-\u00d7-62px.png\",\"width\":240,\"height\":62,\"caption\":\"Classificados\"},\"image\":{\"@id\":\"http:\/\/classificados-x.net\/#\/schema\/logo\/image\/\"}}]}<\/script>\n<!-- \/ Yoast SEO Premium plugin. -->","yoast_head_json":{"title":"loirinha Classificados Escort","description":"loirinha \u00e9 uma garota que voc\u00ea pode entrar em contato em classificados Escorts.","robots":{"index":"index","follow":"follow","max-snippet":"max-snippet:-1","max-image-preview":"max-image-preview:large","max-video-preview":"max-video-preview:-1"},"canonical":"https:\/\/classificados-x.net\/pt\/escolta\/loirinha\/","og_locale":"pt_PT","og_type":"article","og_title":"loirinha","og_description":"loirinha is a girl that you can get in touch with at classificados Escorts.","og_url":"https:\/\/classificados-x.net\/pt\/escolta\/loirinha\/","og_site_name":"Classificados X - Acompanhantes","og_image":[{"url":"https:\/\/classificados-x.net\/wp-content\/uploads\/2023\/06\/327649_1-2.jpg","width":1,"height":1,"type":"image\/jpeg"}],"twitter_card":"summary_large_image","schema":{"@context":"https:\/\/schema.org","@graph":[{"@type":"WebPage","@id":"https:\/\/classificados-x.net\/pt\/escolta\/loirinha\/","url":"https:\/\/classificados-x.net\/pt\/escolta\/loirinha\/","name":"loirinha Classificados Escort","isPartOf":{"@id":"http:\/\/classificados-x.net\/#website"},"primaryImageOfPage":{"@id":"https:\/\/classificados-x.net\/pt\/escolta\/loirinha\/#primaryimage"},"image":{"@id":"https:\/\/classificados-x.net\/pt\/escolta\/loirinha\/#primaryimage"},"thumbnailUrl":"https:\/\/classificados-x.net\/wp-content\/uploads\/2023\/06\/327649_1-2.jpg","datePublished":"2024-01-17T08:09:08+00:00","description":"loirinha \u00e9 uma garota que voc\u00ea pode entrar em contato em classificados Escorts.","breadcrumb":{"@id":"https:\/\/classificados-x.net\/pt\/escolta\/loirinha\/#breadcrumb"},"inLanguage":"pt-PT","potentialAction":[{"@type":"ReadAction","target":["https:\/\/classificados-x.net\/pt\/escolta\/loirinha\/"]}]},{"@type":"ImageObject","inLanguage":"pt-PT","@id":"https:\/\/classificados-x.net\/pt\/escolta\/loirinha\/#primaryimage","url":"https:\/\/classificados-x.net\/wp-content\/uploads\/2023\/06\/327649_1-2.jpg","contentUrl":"https:\/\/classificados-x.net\/wp-content\/uploads\/2023\/06\/327649_1-2.jpg","caption":"loirinha"},{"@type":"BreadcrumbList","@id":"https:\/\/classificados-x.net\/pt\/escolta\/loirinha\/#breadcrumb","itemListElement":[{"@type":"ListItem","position":1,"name":"Home","item":"http:\/\/classificados-x.net\/"},{"@type":"ListItem","position":2,"name":"Classificados X &#8211; Acompanhantes &#8211; Classificados","item":"http:\/\/classificados-x.net\/"},{"@type":"ListItem","position":3,"name":"loirinha"}]},{"@type":"WebSite","@id":"http:\/\/classificados-x.net\/#website","url":"http:\/\/classificados-x.net\/","name":"\u00cdndios","description":"Classificados X - Acompanhantes","publisher":{"@id":"http:\/\/classificados-x.net\/#organization"},"alternateName":"Escorts","potentialAction":[{"@type":"SearchAction","target":{"@type":"EntryPoint","urlTemplate":"http:\/\/classificados-x.net\/?s={search_term_string}"},"query-input":{"@type":"PropertyValueSpecification","valueRequired":true,"valueName":"search_term_string"}}],"inLanguage":"pt-PT"},{"@type":"Organization","@id":"http:\/\/classificados-x.net\/#organization","name":"\u00cdndios","url":"http:\/\/classificados-x.net\/","logo":{"@type":"ImageObject","inLanguage":"pt-PT","@id":"http:\/\/classificados-x.net\/#\/schema\/logo\/image\/","url":"https:\/\/classificados-x.net\/wp-content\/uploads\/2023\/06\/cropped-Copy-of-Luxembourg-escort.lu-300-\u00d7-100px-300-\u00d7-75px-240-\u00d7-75px-240-\u00d7-62px.png","contentUrl":"https:\/\/classificados-x.net\/wp-content\/uploads\/2023\/06\/cropped-Copy-of-Luxembourg-escort.lu-300-\u00d7-100px-300-\u00d7-75px-240-\u00d7-75px-240-\u00d7-62px.png","width":240,"height":62,"caption":"Classificados"},"image":{"@id":"http:\/\/classificados-x.net\/#\/schema\/logo\/image\/"}}]}},"_links":{"self":[{"href":"https:\/\/classificados-x.net\/pt\/wp-json\/wp\/v2\/product\/327649","targetHints":{"allow":["GET"]}}],"collection":[{"href":"https:\/\/classificados-x.net\/pt\/wp-json\/wp\/v2\/product"}],"about":[{"href":"https:\/\/classificados-x.net\/pt\/wp-json\/wp\/v2\/types\/product"}],"wp:featuredmedia":[{"embeddable":true,"href":"https:\/\/classificados-x.net\/pt\/wp-json\/wp\/v2\/media\/12378570"}],"wp:attachment":[{"href":"https:\/\/classificados-x.net\/pt\/wp-json\/wp\/v2\/media?parent=327649"}],"wp:term":[{"taxonomy":"product_brand","embeddable":true,"href":"https:\/\/classificados-x.net\/pt\/wp-json\/wp\/v2\/product_brand?post=327649"},{"taxonomy":"product_cat","embeddable":true,"href":"https:\/\/classificados-x.net\/pt\/wp-json\/wp\/v2\/product_cat?post=327649"},{"taxonomy":"product_tag","embeddable":true,"href":"https:\/\/classificados-x.net\/pt\/wp-json\/wp\/v2\/product_tag?post=327649"}],"curies":[{"name":"wp","href":"https:\/\/api.w.org\/{rel}","templated":true}]}}