{"id":327337,"date":"2023-11-15T08:09:20","date_gmt":"2023-11-15T08:09:20","guid":{"rendered":"https:\/\/classificados-x.net\/?post_type=product&#038;p=327337"},"modified":"2023-11-15T08:09:20","modified_gmt":"2023-11-15T08:09:20","slug":"luxuria","status":"publish","type":"product","link":"https:\/\/classificados-x.net\/pt\/escort\/luxuria\/","title":{"rendered":"Luxo"},"content":{"rendered":"<p>Seria mais feliz se agisse de outra forma, mas deixaria de ser eu e a minha identidade \u221a\u00a9 mais importante que qualquer sorriso!<\/p>","protected":false},"excerpt":{"rendered":"<p>Seria mais feliz se agisse de outra forma, mas deixaria de ser eu e a minha identidade \u221a\u00a9 mais importante que qualquer sorriso!<\/p>","protected":false},"featured_media":12375714,"template":"","meta":[],"product_brand":[],"product_cat":[1023],"product_tag":[895,902,903,893,901,898,904,897,900,894,896,905,899],"class_list":{"0":"post-327337","1":"product","2":"type-product","3":"status-publish","4":"has-post-thumbnail","6":"product_cat-lisboa","7":"product_tag-acompanhantes-porto","8":"product_tag-asian-escorts-portugal","9":"product_tag-asian-massage-portugal","10":"product_tag-classificados-x","11":"product_tag-escort-girls-portugal","12":"product_tag-escorts-in-portugal","13":"product_tag-escorts-porto","14":"product_tag-female-escorts-portugal","15":"product_tag-inderpendent-escorts-portugal","16":"product_tag-lisbon-girl-escorts","17":"product_tag-massage-escorts-portugal","18":"product_tag-portugal-sex-guide","19":"product_tag-sexy-escorts-portugal","20":"pa_enjoys-being-dominated","21":"pa_enjoys-cock-ring","22":"pa_enjoys-cowgirl","23":"pa_enjoys-creampie","24":"pa_enjoys-cybersex","25":"pa_enjoys-dildo","26":"pa_enjoys-masturbation","27":"pa_enjoys-oral-sex","28":"pa_enjoys-public","29":"pa_places-chiado","30":"pa_places-graca","31":"pa_places-lapa","32":"pa_places-parque-das-nacaes","33":"pa_places-alfama","34":"pa_places-prancipe-real","35":"pa_places-avenida-da-liberdade","36":"pa_places-costa-da-caparica","37":"pa_places-avenidas-novas","38":"pa_places-bairro-alto","39":"pa_places-baixa","40":"pa_places-belem","41":"pa_places-cais-do-sodre","43":"first","44":"instock","45":"shipping-taxable","46":"product-type-external"},"yoast_head":"<!-- This site is optimized with the Yoast SEO Premium plugin v22.3 (Yoast SEO v27.0) - https:\/\/yoast.com\/product\/yoast-seo-premium-wordpress\/ -->\n<title>Lux\u221a\u222bria Classificados Escort<\/title>\n<meta name=\"description\" content=\"Lux\u221a\u222bria is a girl that you can get in touch with at classificados Escorts.\" \/>\n<meta name=\"robots\" content=\"index, follow, max-snippet:-1, max-image-preview:large, max-video-preview:-1\" \/>\n<link rel=\"canonical\" href=\"https:\/\/classificados-x.net\/pt\/escolta\/luxuria\/\" \/>\n<meta property=\"og:locale\" content=\"pt_PT\" \/>\n<meta property=\"og:type\" content=\"article\" \/>\n<meta property=\"og:title\" content=\"Lux\u221a\u222bria\" \/>\n<meta property=\"og:description\" content=\"Lux\u221a\u222bria is a girl that you can get in touch with at classificados Escorts.\" \/>\n<meta property=\"og:url\" content=\"https:\/\/classificados-x.net\/pt\/escolta\/luxuria\/\" \/>\n<meta property=\"og:site_name\" content=\"Classificados X - Acompanhantes\" \/>\n<meta property=\"og:image\" content=\"https:\/\/classificados-x.net\/wp-content\/uploads\/2023\/06\/327337_1-2.jpg\" \/>\n\t<meta property=\"og:image:width\" content=\"1\" \/>\n\t<meta property=\"og:image:height\" content=\"1\" \/>\n\t<meta property=\"og:image:type\" content=\"image\/jpeg\" \/>\n<meta name=\"twitter:card\" content=\"summary_large_image\" \/>\n<script type=\"application\/ld+json\" class=\"yoast-schema-graph\">{\"@context\":\"https:\/\/schema.org\",\"@graph\":[{\"@type\":\"WebPage\",\"@id\":\"https:\/\/classificados-x.net\/escort\/luxuria\/\",\"url\":\"https:\/\/classificados-x.net\/escort\/luxuria\/\",\"name\":\"Lux\u221a\u222bria Classificados Escort\",\"isPartOf\":{\"@id\":\"https:\/\/classificados-x.net\/#website\"},\"primaryImageOfPage\":{\"@id\":\"https:\/\/classificados-x.net\/escort\/luxuria\/#primaryimage\"},\"image\":{\"@id\":\"https:\/\/classificados-x.net\/escort\/luxuria\/#primaryimage\"},\"thumbnailUrl\":\"https:\/\/classificados-x.net\/wp-content\/uploads\/2023\/06\/327337_1-2.jpg\",\"datePublished\":\"2023-11-15T08:09:20+00:00\",\"description\":\"Lux\u221a\u222bria is a girl that you can get in touch with at classificados Escorts.\",\"breadcrumb\":{\"@id\":\"https:\/\/classificados-x.net\/escort\/luxuria\/#breadcrumb\"},\"inLanguage\":\"pt-PT\",\"potentialAction\":[{\"@type\":\"ReadAction\",\"target\":[\"https:\/\/classificados-x.net\/escort\/luxuria\/\"]}]},{\"@type\":\"ImageObject\",\"inLanguage\":\"pt-PT\",\"@id\":\"https:\/\/classificados-x.net\/escort\/luxuria\/#primaryimage\",\"url\":\"https:\/\/classificados-x.net\/wp-content\/uploads\/2023\/06\/327337_1-2.jpg\",\"contentUrl\":\"https:\/\/classificados-x.net\/wp-content\/uploads\/2023\/06\/327337_1-2.jpg\",\"caption\":\"Lux\u221a\u222bria\"},{\"@type\":\"BreadcrumbList\",\"@id\":\"https:\/\/classificados-x.net\/escort\/luxuria\/#breadcrumb\",\"itemListElement\":[{\"@type\":\"ListItem\",\"position\":1,\"name\":\"Home\",\"item\":\"https:\/\/classificados-x.net\/\"},{\"@type\":\"ListItem\",\"position\":2,\"name\":\"Classificados X &#8211; Acompanhantes &#8211; Classificados\",\"item\":\"https:\/\/classificados-x.net\/\"},{\"@type\":\"ListItem\",\"position\":3,\"name\":\"Lux\u221a\u222bria\"}]},{\"@type\":\"WebSite\",\"@id\":\"https:\/\/classificados-x.net\/#website\",\"url\":\"https:\/\/classificados-x.net\/\",\"name\":\"Classificados\",\"description\":\"Classificados X - Acompanhantes\",\"publisher\":{\"@id\":\"https:\/\/classificados-x.net\/#organization\"},\"alternateName\":\"Escorts\",\"potentialAction\":[{\"@type\":\"SearchAction\",\"target\":{\"@type\":\"EntryPoint\",\"urlTemplate\":\"https:\/\/classificados-x.net\/?s={search_term_string}\"},\"query-input\":{\"@type\":\"PropertyValueSpecification\",\"valueRequired\":true,\"valueName\":\"search_term_string\"}}],\"inLanguage\":\"pt-PT\"},{\"@type\":\"Organization\",\"@id\":\"https:\/\/classificados-x.net\/#organization\",\"name\":\"Classificados\",\"url\":\"https:\/\/classificados-x.net\/\",\"logo\":{\"@type\":\"ImageObject\",\"inLanguage\":\"pt-PT\",\"@id\":\"https:\/\/classificados-x.net\/#\/schema\/logo\/image\/\",\"url\":\"https:\/\/classificados-x.net\/wp-content\/uploads\/2023\/06\/cropped-Copy-of-Luxembourg-escort.lu-300-\u00d7-100px-300-\u00d7-75px-240-\u00d7-75px-240-\u00d7-62px.png\",\"contentUrl\":\"https:\/\/classificados-x.net\/wp-content\/uploads\/2023\/06\/cropped-Copy-of-Luxembourg-escort.lu-300-\u00d7-100px-300-\u00d7-75px-240-\u00d7-75px-240-\u00d7-62px.png\",\"width\":240,\"height\":62,\"caption\":\"Classificados\"},\"image\":{\"@id\":\"https:\/\/classificados-x.net\/#\/schema\/logo\/image\/\"}}]}<\/script>\n<!-- \/ Yoast SEO Premium plugin. -->","yoast_head_json":{"title":"Lux\u221a\u222bria Classificados Acompanhantes","description":"Lux\u221a\u222bria \u00e9 uma rapariga com quem pode entrar em contacto na classificados Escorts.","robots":{"index":"index","follow":"follow","max-snippet":"max-snippet:-1","max-image-preview":"max-image-preview:large","max-video-preview":"max-video-preview:-1"},"canonical":"https:\/\/classificados-x.net\/pt\/escolta\/luxuria\/","og_locale":"pt_PT","og_type":"article","og_title":"Lux\u221a\u222bria","og_description":"Lux\u221a\u222bria is a girl that you can get in touch with at classificados Escorts.","og_url":"https:\/\/classificados-x.net\/pt\/escolta\/luxuria\/","og_site_name":"Classificados X - Acompanhantes","og_image":[{"url":"https:\/\/classificados-x.net\/wp-content\/uploads\/2023\/06\/327337_1-2.jpg","width":1,"height":1,"type":"image\/jpeg"}],"twitter_card":"summary_large_image","schema":{"@context":"https:\/\/schema.org","@graph":[{"@type":"WebPage","@id":"https:\/\/classificados-x.net\/escort\/luxuria\/","url":"https:\/\/classificados-x.net\/escort\/luxuria\/","name":"Lux\u221a\u222bria Classificados Acompanhantes","isPartOf":{"@id":"https:\/\/classificados-x.net\/#website"},"primaryImageOfPage":{"@id":"https:\/\/classificados-x.net\/escort\/luxuria\/#primaryimage"},"image":{"@id":"https:\/\/classificados-x.net\/escort\/luxuria\/#primaryimage"},"thumbnailUrl":"https:\/\/classificados-x.net\/wp-content\/uploads\/2023\/06\/327337_1-2.jpg","datePublished":"2023-11-15T08:09:20+00:00","description":"Lux\u221a\u222bria \u00e9 uma rapariga com quem pode entrar em contacto na classificados Escorts.","breadcrumb":{"@id":"https:\/\/classificados-x.net\/escort\/luxuria\/#breadcrumb"},"inLanguage":"pt-PT","potentialAction":[{"@type":"ReadAction","target":["https:\/\/classificados-x.net\/escort\/luxuria\/"]}]},{"@type":"ImageObject","inLanguage":"pt-PT","@id":"https:\/\/classificados-x.net\/escort\/luxuria\/#primaryimage","url":"https:\/\/classificados-x.net\/wp-content\/uploads\/2023\/06\/327337_1-2.jpg","contentUrl":"https:\/\/classificados-x.net\/wp-content\/uploads\/2023\/06\/327337_1-2.jpg","caption":"Lux\u221a\u222bria"},{"@type":"BreadcrumbList","@id":"https:\/\/classificados-x.net\/escort\/luxuria\/#breadcrumb","itemListElement":[{"@type":"ListItem","position":1,"name":"Home","item":"https:\/\/classificados-x.net\/"},{"@type":"ListItem","position":2,"name":"Classificados X &#8211; Acompanhantes &#8211; Classificados","item":"https:\/\/classificados-x.net\/"},{"@type":"ListItem","position":3,"name":"Lux\u221a\u222bria"}]},{"@type":"WebSite","@id":"https:\/\/classificados-x.net\/#website","url":"https:\/\/classificados-x.net\/","name":"\u00cdndios","description":"Classificados X - Acompanhantes","publisher":{"@id":"https:\/\/classificados-x.net\/#organization"},"alternateName":"Escorts","potentialAction":[{"@type":"SearchAction","target":{"@type":"EntryPoint","urlTemplate":"https:\/\/classificados-x.net\/?s={search_term_string}"},"query-input":{"@type":"PropertyValueSpecification","valueRequired":true,"valueName":"search_term_string"}}],"inLanguage":"pt-PT"},{"@type":"Organization","@id":"https:\/\/classificados-x.net\/#organization","name":"\u00cdndios","url":"https:\/\/classificados-x.net\/","logo":{"@type":"ImageObject","inLanguage":"pt-PT","@id":"https:\/\/classificados-x.net\/#\/schema\/logo\/image\/","url":"https:\/\/classificados-x.net\/wp-content\/uploads\/2023\/06\/cropped-Copy-of-Luxembourg-escort.lu-300-\u00d7-100px-300-\u00d7-75px-240-\u00d7-75px-240-\u00d7-62px.png","contentUrl":"https:\/\/classificados-x.net\/wp-content\/uploads\/2023\/06\/cropped-Copy-of-Luxembourg-escort.lu-300-\u00d7-100px-300-\u00d7-75px-240-\u00d7-75px-240-\u00d7-62px.png","width":240,"height":62,"caption":"Classificados"},"image":{"@id":"https:\/\/classificados-x.net\/#\/schema\/logo\/image\/"}}]}},"_links":{"self":[{"href":"https:\/\/classificados-x.net\/pt\/wp-json\/wp\/v2\/product\/327337","targetHints":{"allow":["GET"]}}],"collection":[{"href":"https:\/\/classificados-x.net\/pt\/wp-json\/wp\/v2\/product"}],"about":[{"href":"https:\/\/classificados-x.net\/pt\/wp-json\/wp\/v2\/types\/product"}],"wp:featuredmedia":[{"embeddable":true,"href":"https:\/\/classificados-x.net\/pt\/wp-json\/wp\/v2\/media\/12375714"}],"wp:attachment":[{"href":"https:\/\/classificados-x.net\/pt\/wp-json\/wp\/v2\/media?parent=327337"}],"wp:term":[{"taxonomy":"product_brand","embeddable":true,"href":"https:\/\/classificados-x.net\/pt\/wp-json\/wp\/v2\/product_brand?post=327337"},{"taxonomy":"product_cat","embeddable":true,"href":"https:\/\/classificados-x.net\/pt\/wp-json\/wp\/v2\/product_cat?post=327337"},{"taxonomy":"product_tag","embeddable":true,"href":"https:\/\/classificados-x.net\/pt\/wp-json\/wp\/v2\/product_tag?post=327337"}],"curies":[{"name":"wp","href":"https:\/\/api.w.org\/{rel}","templated":true}]}}