{"id":327257,"date":"2023-06-20T13:06:18","date_gmt":"2023-06-20T13:06:18","guid":{"rendered":"https:\/\/classificados-x.net\/?post_type=product&#038;p=327257"},"modified":"2023-06-20T13:06:19","modified_gmt":"2023-06-20T13:06:19","slug":"sugarbabie","status":"publish","type":"product","link":"https:\/\/classificados-x.net\/pt\/escort\/sugarbabie\/","title":{"rendered":"Sugarbabie"},"content":{"rendered":"<p>Consumidora de tudo do bem e do melhor \ud83d\ude09<\/p>","protected":false},"excerpt":{"rendered":"<p>Consumidora de tudo do bem e do melhor \ud83d\ude09<\/p>","protected":false},"featured_media":12374920,"template":"","meta":[],"product_brand":[],"product_cat":[1023],"product_tag":[895,902,903,893,901,898,904,897,900,894,896,905,899],"class_list":{"0":"post-327257","1":"product","2":"type-product","3":"status-publish","4":"has-post-thumbnail","6":"product_cat-lisboa","7":"product_tag-acompanhantes-porto","8":"product_tag-asian-escorts-portugal","9":"product_tag-asian-massage-portugal","10":"product_tag-classificados-x","11":"product_tag-escort-girls-portugal","12":"product_tag-escorts-in-portugal","13":"product_tag-escorts-porto","14":"product_tag-female-escorts-portugal","15":"product_tag-inderpendent-escorts-portugal","16":"product_tag-lisbon-girl-escorts","17":"product_tag-massage-escorts-portugal","18":"product_tag-portugal-sex-guide","19":"product_tag-sexy-escorts-portugal","20":"pa_enjoys-anal-sex-escorts","21":"pa_enjoys-being-dominated","22":"pa_enjoys-cybersex","23":"pa_enjoys-dildo","24":"pa_enjoys-doggy-style","25":"pa_enjoys-experimental","26":"pa_enjoys-footjob","27":"pa_enjoys-handcuffs","28":"pa_enjoys-missionary","29":"pa_enjoys-muscles","30":"pa_enjoys-oral-sex","31":"pa_enjoys-orgy","32":"pa_enjoys-sex-toys","33":"pa_enjoys-shaved","34":"pa_enjoys-threesome","35":"pa_places-avenida-da-liberdade","36":"pa_places-costa-da-caparica","37":"pa_places-avenidas-novas","38":"pa_places-bairro-alto","39":"pa_places-baixa","40":"pa_places-belem","41":"pa_places-cais-do-sodre","42":"pa_places-chiado","43":"pa_places-graca","44":"pa_places-lapa","45":"pa_places-parque-das-nacaes","46":"pa_places-alfama","47":"pa_places-prancipe-real","49":"first","50":"instock","51":"shipping-taxable","52":"product-type-external"},"yoast_head":"<!-- This site is optimized with the Yoast SEO Premium plugin v22.3 (Yoast SEO v27.0) - https:\/\/yoast.com\/product\/yoast-seo-premium-wordpress\/ -->\n<title>Sugarbabie Classificados Escort<\/title>\n<meta name=\"description\" content=\"Sugarbabie is a girl that you can get in touch with at classificados Escorts.\" \/>\n<meta name=\"robots\" content=\"index, follow, max-snippet:-1, max-image-preview:large, max-video-preview:-1\" \/>\n<link rel=\"canonical\" href=\"http:\/\/classificados-x.net\/pt\/escolta\/sugarbabie\/\" \/>\n<meta property=\"og:locale\" content=\"pt_PT\" \/>\n<meta property=\"og:type\" content=\"article\" \/>\n<meta property=\"og:title\" content=\"Sugarbabie\" \/>\n<meta property=\"og:description\" content=\"Sugarbabie is a girl that you can get in touch with at classificados Escorts.\" \/>\n<meta property=\"og:url\" content=\"http:\/\/classificados-x.net\/pt\/escolta\/sugarbabie\/\" \/>\n<meta property=\"og:site_name\" content=\"Classificados X - Acompanhantes\" \/>\n<meta property=\"article:modified_time\" content=\"2023-06-20T13:06:19+00:00\" \/>\n<meta property=\"og:image\" content=\"http:\/\/classificados-x.net\/wp-content\/uploads\/2023\/06\/327257_1-2.jpg\" \/>\n\t<meta property=\"og:image:width\" content=\"270\" \/>\n\t<meta property=\"og:image:height\" content=\"400\" \/>\n\t<meta property=\"og:image:type\" content=\"image\/jpeg\" \/>\n<meta name=\"twitter:card\" content=\"summary_large_image\" \/>\n<script type=\"application\/ld+json\" class=\"yoast-schema-graph\">{\"@context\":\"https:\/\/schema.org\",\"@graph\":[{\"@type\":\"WebPage\",\"@id\":\"http:\/\/classificados-x.net\/escort\/sugarbabie\/\",\"url\":\"http:\/\/classificados-x.net\/escort\/sugarbabie\/\",\"name\":\"Sugarbabie Classificados Escort\",\"isPartOf\":{\"@id\":\"http:\/\/classificados-x.net\/#website\"},\"primaryImageOfPage\":{\"@id\":\"http:\/\/classificados-x.net\/escort\/sugarbabie\/#primaryimage\"},\"image\":{\"@id\":\"http:\/\/classificados-x.net\/escort\/sugarbabie\/#primaryimage\"},\"thumbnailUrl\":\"https:\/\/classificados-x.net\/wp-content\/uploads\/2023\/06\/327257_1-2.jpg\",\"datePublished\":\"2023-06-20T13:06:18+00:00\",\"dateModified\":\"2023-06-20T13:06:19+00:00\",\"description\":\"Sugarbabie is a girl that you can get in touch with at classificados Escorts.\",\"breadcrumb\":{\"@id\":\"http:\/\/classificados-x.net\/escort\/sugarbabie\/#breadcrumb\"},\"inLanguage\":\"pt-PT\",\"potentialAction\":[{\"@type\":\"ReadAction\",\"target\":[\"http:\/\/classificados-x.net\/escort\/sugarbabie\/\"]}]},{\"@type\":\"ImageObject\",\"inLanguage\":\"pt-PT\",\"@id\":\"http:\/\/classificados-x.net\/escort\/sugarbabie\/#primaryimage\",\"url\":\"https:\/\/classificados-x.net\/wp-content\/uploads\/2023\/06\/327257_1-2.jpg\",\"contentUrl\":\"https:\/\/classificados-x.net\/wp-content\/uploads\/2023\/06\/327257_1-2.jpg\",\"width\":270,\"height\":400,\"caption\":\"Sugarbabie\"},{\"@type\":\"BreadcrumbList\",\"@id\":\"http:\/\/classificados-x.net\/escort\/sugarbabie\/#breadcrumb\",\"itemListElement\":[{\"@type\":\"ListItem\",\"position\":1,\"name\":\"Home\",\"item\":\"http:\/\/classificados-x.net\/\"},{\"@type\":\"ListItem\",\"position\":2,\"name\":\"Classificados X &#8211; Acompanhantes &#8211; Classificados\",\"item\":\"http:\/\/classificados-x.net\/\"},{\"@type\":\"ListItem\",\"position\":3,\"name\":\"Sugarbabie\"}]},{\"@type\":\"WebSite\",\"@id\":\"http:\/\/classificados-x.net\/#website\",\"url\":\"http:\/\/classificados-x.net\/\",\"name\":\"Classificados\",\"description\":\"Classificados X - Acompanhantes\",\"publisher\":{\"@id\":\"http:\/\/classificados-x.net\/#organization\"},\"alternateName\":\"Escorts\",\"potentialAction\":[{\"@type\":\"SearchAction\",\"target\":{\"@type\":\"EntryPoint\",\"urlTemplate\":\"http:\/\/classificados-x.net\/?s={search_term_string}\"},\"query-input\":{\"@type\":\"PropertyValueSpecification\",\"valueRequired\":true,\"valueName\":\"search_term_string\"}}],\"inLanguage\":\"pt-PT\"},{\"@type\":\"Organization\",\"@id\":\"http:\/\/classificados-x.net\/#organization\",\"name\":\"Classificados\",\"url\":\"http:\/\/classificados-x.net\/\",\"logo\":{\"@type\":\"ImageObject\",\"inLanguage\":\"pt-PT\",\"@id\":\"http:\/\/classificados-x.net\/#\/schema\/logo\/image\/\",\"url\":\"https:\/\/classificados-x.net\/wp-content\/uploads\/2023\/06\/cropped-Copy-of-Luxembourg-escort.lu-300-\u00d7-100px-300-\u00d7-75px-240-\u00d7-75px-240-\u00d7-62px.png\",\"contentUrl\":\"https:\/\/classificados-x.net\/wp-content\/uploads\/2023\/06\/cropped-Copy-of-Luxembourg-escort.lu-300-\u00d7-100px-300-\u00d7-75px-240-\u00d7-75px-240-\u00d7-62px.png\",\"width\":240,\"height\":62,\"caption\":\"Classificados\"},\"image\":{\"@id\":\"http:\/\/classificados-x.net\/#\/schema\/logo\/image\/\"}}]}<\/script>\n<!-- \/ Yoast SEO Premium plugin. -->","yoast_head_json":{"title":"Sugarbabie Classificados Acompanhantes","description":"Sugarbabie \u00e9 uma rapariga com quem pode entrar em contacto no Classificados Escorts.","robots":{"index":"index","follow":"follow","max-snippet":"max-snippet:-1","max-image-preview":"max-image-preview:large","max-video-preview":"max-video-preview:-1"},"canonical":"http:\/\/classificados-x.net\/pt\/escolta\/sugarbabie\/","og_locale":"pt_PT","og_type":"article","og_title":"Sugarbabie","og_description":"Sugarbabie is a girl that you can get in touch with at classificados Escorts.","og_url":"http:\/\/classificados-x.net\/pt\/escolta\/sugarbabie\/","og_site_name":"Classificados X - Acompanhantes","article_modified_time":"2023-06-20T13:06:19+00:00","og_image":[{"width":270,"height":400,"url":"http:\/\/classificados-x.net\/wp-content\/uploads\/2023\/06\/327257_1-2.jpg","type":"image\/jpeg"}],"twitter_card":"summary_large_image","schema":{"@context":"https:\/\/schema.org","@graph":[{"@type":"WebPage","@id":"http:\/\/classificados-x.net\/escort\/sugarbabie\/","url":"http:\/\/classificados-x.net\/escort\/sugarbabie\/","name":"Sugarbabie Classificados Acompanhantes","isPartOf":{"@id":"http:\/\/classificados-x.net\/#website"},"primaryImageOfPage":{"@id":"http:\/\/classificados-x.net\/escort\/sugarbabie\/#primaryimage"},"image":{"@id":"http:\/\/classificados-x.net\/escort\/sugarbabie\/#primaryimage"},"thumbnailUrl":"https:\/\/classificados-x.net\/wp-content\/uploads\/2023\/06\/327257_1-2.jpg","datePublished":"2023-06-20T13:06:18+00:00","dateModified":"2023-06-20T13:06:19+00:00","description":"Sugarbabie \u00e9 uma rapariga com quem pode entrar em contacto no Classificados Escorts.","breadcrumb":{"@id":"http:\/\/classificados-x.net\/escort\/sugarbabie\/#breadcrumb"},"inLanguage":"pt-PT","potentialAction":[{"@type":"ReadAction","target":["http:\/\/classificados-x.net\/escort\/sugarbabie\/"]}]},{"@type":"ImageObject","inLanguage":"pt-PT","@id":"http:\/\/classificados-x.net\/escort\/sugarbabie\/#primaryimage","url":"https:\/\/classificados-x.net\/wp-content\/uploads\/2023\/06\/327257_1-2.jpg","contentUrl":"https:\/\/classificados-x.net\/wp-content\/uploads\/2023\/06\/327257_1-2.jpg","width":270,"height":400,"caption":"Sugarbabie"},{"@type":"BreadcrumbList","@id":"http:\/\/classificados-x.net\/escort\/sugarbabie\/#breadcrumb","itemListElement":[{"@type":"ListItem","position":1,"name":"Home","item":"http:\/\/classificados-x.net\/"},{"@type":"ListItem","position":2,"name":"Classificados X &#8211; Acompanhantes &#8211; Classificados","item":"http:\/\/classificados-x.net\/"},{"@type":"ListItem","position":3,"name":"Sugarbabie"}]},{"@type":"WebSite","@id":"http:\/\/classificados-x.net\/#website","url":"http:\/\/classificados-x.net\/","name":"\u00cdndios","description":"Classificados X - Acompanhantes","publisher":{"@id":"http:\/\/classificados-x.net\/#organization"},"alternateName":"Escorts","potentialAction":[{"@type":"SearchAction","target":{"@type":"EntryPoint","urlTemplate":"http:\/\/classificados-x.net\/?s={search_term_string}"},"query-input":{"@type":"PropertyValueSpecification","valueRequired":true,"valueName":"search_term_string"}}],"inLanguage":"pt-PT"},{"@type":"Organization","@id":"http:\/\/classificados-x.net\/#organization","name":"\u00cdndios","url":"http:\/\/classificados-x.net\/","logo":{"@type":"ImageObject","inLanguage":"pt-PT","@id":"http:\/\/classificados-x.net\/#\/schema\/logo\/image\/","url":"https:\/\/classificados-x.net\/wp-content\/uploads\/2023\/06\/cropped-Copy-of-Luxembourg-escort.lu-300-\u00d7-100px-300-\u00d7-75px-240-\u00d7-75px-240-\u00d7-62px.png","contentUrl":"https:\/\/classificados-x.net\/wp-content\/uploads\/2023\/06\/cropped-Copy-of-Luxembourg-escort.lu-300-\u00d7-100px-300-\u00d7-75px-240-\u00d7-75px-240-\u00d7-62px.png","width":240,"height":62,"caption":"Classificados"},"image":{"@id":"http:\/\/classificados-x.net\/#\/schema\/logo\/image\/"}}]}},"_links":{"self":[{"href":"https:\/\/classificados-x.net\/pt\/wp-json\/wp\/v2\/product\/327257","targetHints":{"allow":["GET"]}}],"collection":[{"href":"https:\/\/classificados-x.net\/pt\/wp-json\/wp\/v2\/product"}],"about":[{"href":"https:\/\/classificados-x.net\/pt\/wp-json\/wp\/v2\/types\/product"}],"wp:featuredmedia":[{"embeddable":true,"href":"https:\/\/classificados-x.net\/pt\/wp-json\/wp\/v2\/media\/12374920"}],"wp:attachment":[{"href":"https:\/\/classificados-x.net\/pt\/wp-json\/wp\/v2\/media?parent=327257"}],"wp:term":[{"taxonomy":"product_brand","embeddable":true,"href":"https:\/\/classificados-x.net\/pt\/wp-json\/wp\/v2\/product_brand?post=327257"},{"taxonomy":"product_cat","embeddable":true,"href":"https:\/\/classificados-x.net\/pt\/wp-json\/wp\/v2\/product_cat?post=327257"},{"taxonomy":"product_tag","embeddable":true,"href":"https:\/\/classificados-x.net\/pt\/wp-json\/wp\/v2\/product_tag?post=327257"}],"curies":[{"name":"wp","href":"https:\/\/api.w.org\/{rel}","templated":true}]}}