{"id":12380753,"date":"2023-08-31T06:47:40","date_gmt":"2023-08-31T06:47:40","guid":{"rendered":"https:\/\/classificados-x.net\/?page_id=12380753"},"modified":"2023-08-31T06:49:39","modified_gmt":"2023-08-31T06:49:39","slug":"links","status":"publish","type":"page","link":"https:\/\/classificados-x.net\/pt\/links\/","title":{"rendered":"Liga\u00e7\u00f5es"},"content":{"rendered":"<div class=\"wpb-content-wrapper\"><div class=\"vc_row wpb_row vc_row-fluid\"><div class=\"wpb_column vc_column_container vc_col-sm-12\"><div class=\"vc_column-inner\"><div class=\"wpb_wrapper\">\n\t<div class=\"wpb_text_column wpb_content_element\" >\n\t\t<div class=\"wpb_wrapper\">\n\t\t\t<p>Encontre links para outros sites populares de interesse. Se voc\u00ea gostaria de trocar links ou banners conosco, por favor <a href=\"https:\/\/classificados-x.net\/pt\/parceiros\/\">Clique aqui<\/a> para nossos detalhes de banner e link.<\/p>\n<div class=\"wplinktrade\"><div class=\"wplinktrade_stats wplinktrade_links\">\n      <table class=\"stats_table\" callspacing=\"1\">\n      <thead>\n      <tr>\n        <th>Site<\/th>\n        <th>Descri\u00e7\u00e3o<\/th><tr>\n  <td><a href=\"https:\/\/eskorttjejer.net\/\" title=\"Prote\u00e7\u00e3o contra inc\u00eandios\" target=\"_blank\">\n        <img decoding=\"async\" data-src=\"https:\/\/classificados-x.net\/wp-content\/uploads\/wplinktrade\/Eskorte-WP-High-Quality-1.jpg\" alt=\"Prote\u00e7\u00e3o contra inc\u00eandios\" width=\"468\" height=\"60\" src=\"data:image\/svg+xml;base64,PHN2ZyB3aWR0aD0iMSIgaGVpZ2h0PSIxIiB4bWxucz0iaHR0cDovL3d3dy53My5vcmcvMjAwMC9zdmciPjwvc3ZnPg==\" class=\"lazyload\" style=\"--smush-placeholder-width: 468px; --smush-placeholder-aspect-ratio: 468\/60;\" \/>\n      <\/a><\/td>\n  <td><\/td>\n<\/tr><tr>\n  <td><a href=\"https:\/\/flymetoyouescorts.com.au\" title=\"Fly Me To You Acompanhantes\" target=\"_blank\">\n        <img decoding=\"async\" data-src=\"https:\/\/classificados-x.net\/wp-content\/uploads\/wplinktrade\/flymetoyouescorts.png\" alt=\"Fly Me To You Acompanhantes\" width=\"468\" height=\"60\" src=\"data:image\/svg+xml;base64,PHN2ZyB3aWR0aD0iMSIgaGVpZ2h0PSIxIiB4bWxucz0iaHR0cDovL3d3dy53My5vcmcvMjAwMC9zdmciPjwvc3ZnPg==\" class=\"lazyload\" style=\"--smush-placeholder-width: 468px; --smush-placeholder-aspect-ratio: 468\/60;\" \/>\n      <\/a><\/td>\n  <td><\/td>\n<\/tr><tr>\n  <td><a href=\"https:\/\/escortsmexico.net\" title=\"Acompanhantes M\u00e9xico\" target=\"_blank\">\n        <img decoding=\"async\" data-src=\"https:\/\/classificados-x.net\/wp-content\/uploads\/wplinktrade\/BN468x60.jpg\" alt=\"Acompanhantes M\u00e9xico\" width=\"468\" height=\"60\" src=\"data:image\/svg+xml;base64,PHN2ZyB3aWR0aD0iMSIgaGVpZ2h0PSIxIiB4bWxucz0iaHR0cDovL3d3dy53My5vcmcvMjAwMC9zdmciPjwvc3ZnPg==\" class=\"lazyload\" style=\"--smush-placeholder-width: 468px; --smush-placeholder-aspect-ratio: 468\/60;\" \/>\n      <\/a><\/td>\n  <td><\/td>\n<\/tr><tr>\n  <td><a href=\"https:\/\/dubaiallescorts.com\/\" title=\"Dubai Escorts Portugu\u00eas Europeu\" target=\"_blank\">\n        <img decoding=\"async\" data-src=\"https:\/\/classificados-x.net\/wp-content\/uploads\/wplinktrade\/no_photo_original_nop_468x60bb.png\" alt=\"Dubai Escorts Portugu\u00eas Europeu\" width=\"468\" height=\"60\" src=\"data:image\/svg+xml;base64,PHN2ZyB3aWR0aD0iMSIgaGVpZ2h0PSIxIiB4bWxucz0iaHR0cDovL3d3dy53My5vcmcvMjAwMC9zdmciPjwvc3ZnPg==\" class=\"lazyload\" style=\"--smush-placeholder-width: 468px; --smush-placeholder-aspect-ratio: 468\/60;\" \/>\n      <\/a><\/td>\n  <td><\/td>\n<\/tr><tr>\n  <td><a href=\"https:\/\/vladimirescorts.com\" title=\"VladimirEscorts\" target=\"_blank\">\n        <img decoding=\"async\" data-src=\"https:\/\/classificados-x.net\/wp-content\/uploads\/wplinktrade\/vladimirescorts.jpg\" alt=\"VladimirEscorts\" width=\"468\" height=\"60\" src=\"data:image\/svg+xml;base64,PHN2ZyB3aWR0aD0iMSIgaGVpZ2h0PSIxIiB4bWxucz0iaHR0cDovL3d3dy53My5vcmcvMjAwMC9zdmciPjwvc3ZnPg==\" class=\"lazyload\" style=\"--smush-placeholder-width: 468px; --smush-placeholder-aspect-ratio: 468\/60;\" \/>\n      <\/a><\/td>\n  <td><\/td>\n<\/tr><tr>\n  <td><a href=\"https:\/\/latinasinbahamas.com\" title=\"Latinas nas Bahamas\" target=\"_blank\">\n        <img decoding=\"async\" data-src=\"https:\/\/classificados-x.net\/wp-content\/uploads\/wplinktrade\/latinasinbahamas.jpg\" alt=\"Latinas nas Bahamas\" width=\"468\" height=\"60\" src=\"data:image\/svg+xml;base64,PHN2ZyB3aWR0aD0iMSIgaGVpZ2h0PSIxIiB4bWxucz0iaHR0cDovL3d3dy53My5vcmcvMjAwMC9zdmciPjwvc3ZnPg==\" class=\"lazyload\" style=\"--smush-placeholder-width: 468px; --smush-placeholder-aspect-ratio: 468\/60;\" \/>\n      <\/a><\/td>\n  <td><\/td>\n<\/tr><tr>\n  <td><a href=\"https:\/\/amsterdamescort24.nl\/\" title=\"Acompanhar Amsterd\u00e3\" target=\"_blank\">\n        <img decoding=\"async\" data-src=\"https:\/\/classificados-x.net\/wp-content\/uploads\/wplinktrade\/468x60-banner-2.jpg\" alt=\"Acompanhar Amsterd\u00e3\" width=\"468\" height=\"60\" src=\"data:image\/svg+xml;base64,PHN2ZyB3aWR0aD0iMSIgaGVpZ2h0PSIxIiB4bWxucz0iaHR0cDovL3d3dy53My5vcmcvMjAwMC9zdmciPjwvc3ZnPg==\" class=\"lazyload\" style=\"--smush-placeholder-width: 468px; --smush-placeholder-aspect-ratio: 468\/60;\" \/>\n      <\/a><\/td>\n  <td><\/td>\n<\/tr><tr>\n  <td><a href=\"https:\/\/bahamasescorts.com\" title=\"BahamasEscorts\" target=\"_blank\">\n        <img decoding=\"async\" data-src=\"https:\/\/classificados-x.net\/wp-content\/uploads\/wplinktrade\/bahamasescorts.jpg\" alt=\"BahamasEscorts\" width=\"468\" height=\"60\" src=\"data:image\/svg+xml;base64,PHN2ZyB3aWR0aD0iMSIgaGVpZ2h0PSIxIiB4bWxucz0iaHR0cDovL3d3dy53My5vcmcvMjAwMC9zdmciPjwvc3ZnPg==\" class=\"lazyload\" style=\"--smush-placeholder-width: 468px; --smush-placeholder-aspect-ratio: 468\/60;\" \/>\n      <\/a><\/td>\n  <td><\/td>\n<\/tr><tr>\n  <td><a href=\"https:\/\/kinky-escorts.nl\/\" title=\"Acompanhante de Amesterd\u00e3o\" target=\"_blank\">\n        <img decoding=\"async\" data-src=\"https:\/\/classificados-x.net\/wp-content\/uploads\/wplinktrade\/kinky-esc-468x60-1.gif\" alt=\"Acompanhante de Amesterd\u00e3o\" width=\"468\" height=\"60\" src=\"data:image\/svg+xml;base64,PHN2ZyB3aWR0aD0iMSIgaGVpZ2h0PSIxIiB4bWxucz0iaHR0cDovL3d3dy53My5vcmcvMjAwMC9zdmciPjwvc3ZnPg==\" class=\"lazyload\" style=\"--smush-placeholder-width: 468px; --smush-placeholder-aspect-ratio: 468\/60;\" \/>\n      <\/a><\/td>\n  <td><\/td>\n<\/tr><tr>\n  <td><a href=\"https:\/\/playluxx.com.au\" title=\"playluxx\" target=\"_blank\">\n        <img decoding=\"async\" data-src=\"https:\/\/classificados-x.net\/wp-content\/uploads\/wplinktrade\/playluxxbanner.jpg\" alt=\"playluxx\" width=\"468\" height=\"60\" src=\"data:image\/svg+xml;base64,PHN2ZyB3aWR0aD0iMSIgaGVpZ2h0PSIxIiB4bWxucz0iaHR0cDovL3d3dy53My5vcmcvMjAwMC9zdmciPjwvc3ZnPg==\" class=\"lazyload\" style=\"--smush-placeholder-width: 468px; --smush-placeholder-aspect-ratio: 468\/60;\" \/>\n      <\/a><\/td>\n  <td><\/td>\n<\/tr><tr>\n  <td><a href=\"https:\/\/www.allstarsescorts.co.uk\/escort-london\/mayfair-escorts\" title=\"Acompanhantes Mayfair\" target=\"_blank\">\n        <img decoding=\"async\" data-src=\"https:\/\/classificados-x.net\/wp-content\/uploads\/wplinktrade\/allstarslondon.gif\" alt=\"Acompanhantes Mayfair\" width=\"468\" height=\"60\" src=\"data:image\/svg+xml;base64,PHN2ZyB3aWR0aD0iMSIgaGVpZ2h0PSIxIiB4bWxucz0iaHR0cDovL3d3dy53My5vcmcvMjAwMC9zdmciPjwvc3ZnPg==\" class=\"lazyload\" style=\"--smush-placeholder-width: 468px; --smush-placeholder-aspect-ratio: 468\/60;\" \/>\n      <\/a><\/td>\n  <td><\/td>\n<\/tr><tr>\n  <td><a href=\"https:\/\/escortmasculinoparamujeres.pe\/\" title=\"Acompanhantes em Lima\" target=\"_blank\">\n        <img decoding=\"async\" data-src=\"https:\/\/classificados-x.net\/wp-content\/uploads\/wplinktrade\/escort-masculino-para-mujeres-banner.png\" alt=\"Acompanhantes em Lima\" width=\"468\" height=\"60\" src=\"data:image\/svg+xml;base64,PHN2ZyB3aWR0aD0iMSIgaGVpZ2h0PSIxIiB4bWxucz0iaHR0cDovL3d3dy53My5vcmcvMjAwMC9zdmciPjwvc3ZnPg==\" class=\"lazyload\" style=\"--smush-placeholder-width: 468px; --smush-placeholder-aspect-ratio: 468\/60;\" \/>\n      <\/a><\/td>\n  <td><\/td>\n<\/tr><tr>\n  <td><a href=\"https:\/\/escortinamsterdam.net\/\" title=\"Acompanhante de Amesterd\u00e3o\" target=\"_blank\">\n        <img decoding=\"async\" data-src=\"https:\/\/classificados-x.net\/wp-content\/uploads\/wplinktrade\/468x60-banner-esc-ams.jpg\" alt=\"Acompanhante de Amesterd\u00e3o\" width=\"468\" height=\"60\" src=\"data:image\/svg+xml;base64,PHN2ZyB3aWR0aD0iMSIgaGVpZ2h0PSIxIiB4bWxucz0iaHR0cDovL3d3dy53My5vcmcvMjAwMC9zdmciPjwvc3ZnPg==\" class=\"lazyload\" style=\"--smush-placeholder-width: 468px; --smush-placeholder-aspect-ratio: 468\/60;\" \/>\n      <\/a><\/td>\n  <td><\/td>\n<\/tr><tr>\n  <td><a href=\"https:\/\/flymetoyouescorts.com.au\" title=\"Fly Me To You Acompanhantes\" target=\"_blank\">\n        <img decoding=\"async\" data-src=\"https:\/\/classificados-x.net\/wp-content\/uploads\/wplinktrade\/flymetoyouescorts-1.png\" alt=\"Fly Me To You Acompanhantes\" width=\"468\" height=\"60\" src=\"data:image\/svg+xml;base64,PHN2ZyB3aWR0aD0iMSIgaGVpZ2h0PSIxIiB4bWxucz0iaHR0cDovL3d3dy53My5vcmcvMjAwMC9zdmciPjwvc3ZnPg==\" class=\"lazyload\" style=\"--smush-placeholder-width: 468px; --smush-placeholder-aspect-ratio: 468\/60;\" \/>\n      <\/a><\/td>\n  <td><\/td>\n<\/tr><\/tbody><\/table><\/div><\/div><br \/>\n<div class=\"wplinktrade\"><div class=\"wplinktrade_stats wplinktrade_links\">\n      <table class=\"stats_table\" callspacing=\"1\">\n      <thead>\n      <tr>\n        <th>Site<\/th>\n        <th>Descri\u00e7\u00e3o<\/th><tr>\n  <td><a href=\"https:\/\/thotslay.com\" title=\"Melhores sites pornogr\u00e1ficos\" target=\"_blank\">Thotslay<\/a><\/td>\n  <td><\/td>  \n<\/tr><tr>\n  <td><a href=\"https:\/\/www.escortsnearby.com\/\" title=\"Troca de banners ENB\" target=\"_blank\">acompanhantesnearby<\/a><\/td>\n  <td><\/td>  \n<\/tr><tr>\n  <td><a href=\"https:\/\/amsterdamescorts24.com\/\" title=\"Acompanhante de Amesterd\u00e3o\" target=\"_blank\">Acompanhantes Amsterd\u00e3o 24<\/a><\/td>\n  <td><\/td>  \n<\/tr><tr>\n  <td><a href=\"https:\/\/gstaad.flymetoyou.ch\" title=\"Gstaad Escorts de Alta Classe\" target=\"_blank\">Gstaad Escorts de Alta Classe<\/a><\/td>\n  <td><\/td>  \n<\/tr><tr>\n  <td><a href=\"https:\/\/viptransex.net\/\" title=\"Classificados Transex Portugal\" target=\"_blank\">Viptransex<\/a><\/td>\n  <td><\/td>  \n<\/tr><tr>\n  <td><a href=\"https:\/\/abudhabiescorts.cfd\/\" title=\"Escorts Abu Dhabi\" target=\"_blank\">Escorts Abu Dhabi<\/a><\/td>\n  <td><\/td>  \n<\/tr><tr>\n  <td><a href=\"https:\/\/saudiescorts.sbs\/\" title=\"Acompanhantes Sauditas\" target=\"_blank\">Saudiescorts.sbs<\/a><\/td>\n  <td><\/td>  \n<\/tr><tr>\n  <td><a href=\"https:\/\/www.amsterdamescortgirls.com\" title=\"Acompanhantes Amesterd\u00e3o\" target=\"_blank\">Amesterd\u00e3o Acompanhantes<\/a><\/td>\n  <td><\/td>  \n<\/tr><tr>\n  <td><a href=\"https:\/\/bahrainescorts.cfd\/\" title=\"Acompanhantes Bahrein\" target=\"_blank\">Acompanhantes Bahrein<\/a><\/td>\n  <td><\/td>  \n<\/tr><tr>\n  <td><a href=\"https:\/\/uaeescorts.sbs\/\" title=\"Escorts Uae\" target=\"_blank\">Escorts Uae<\/a><\/td>\n  <td><\/td>  \n<\/tr><tr>\n  <td><a href=\"https:\/\/abudhabiescorts.sbs\/\" title=\"Escorts Abu Dhabi\" target=\"_blank\">Escorts Abu Dhabi<\/a><\/td>\n  <td><\/td>  \n<\/tr><tr>\n  <td><a href=\"https:\/\/bahrainescorts.sbs\/\" title=\"Acompanhantes Bahrein\" target=\"_blank\">Acompanhantes Bahrein<\/a><\/td>\n  <td><\/td>  \n<\/tr><tr>\n  <td><a href=\"https:\/\/dubaiescorts.sbs\/\" title=\"Acompanhantes Dubai\" target=\"_blank\">Acompanhantes Dubai<\/a><\/td>\n  <td><\/td>  \n<\/tr><tr>\n  <td><a href=\"https:\/\/omanescorts.cfd\/\" title=\"Escorts de Om\u00e3\" target=\"_blank\">Escorts de Om\u00e3<\/a><\/td>\n  <td><\/td>  \n<\/tr><tr>\n  <td><a href=\"https:\/\/dubaiescortsru.xyz\/\" title=\"Dubai Escorts Russo\" target=\"_blank\">DubaiEscortsru.xyz<\/a><\/td>\n  <td><\/td>  \n<\/tr><tr>\n  <td><a href=\"https:\/\/escortsxoxo.com\/\" title=\"Escorts Portugueses\" target=\"_blank\">Escortsxoxo.com<\/a><\/td>\n  <td><\/td>  \n<\/tr><tr>\n  <td><a href=\"https:\/\/interracialxxx.xyz\" title=\"Porno interracial gr\u00e1tis\" target=\"_blank\">Interracialxxx<\/a><\/td>\n  <td><\/td>  \n<\/tr><tr>\n  <td><a href=\"https:\/\/freebbwporn.xyz\" title=\"Pornografia BBW gr\u00e1tis\" target=\"_blank\">Pornografia BBW gr\u00e1tis<\/a><\/td>\n  <td><\/td>  \n<\/tr><tr>\n  <td><a href=\"https:\/\/freecartoonporn.xyz\" title=\"Pornografia de desenhos animados gr\u00e1tis\" target=\"_blank\">Pornografia de desenhos animados gr\u00e1tis<\/a><\/td>\n  <td><\/td>  \n<\/tr><tr>\n  <td><a href=\"https:\/\/freeindianporn.xyz\" title=\"Porno indiano gr\u00e1tis\" target=\"_blank\">Porno indiano gr\u00e1tis<\/a><\/td>\n  <td><\/td>  \n<\/tr><tr>\n  <td><a href=\"https:\/\/freelesbianporn.xyz\" title=\"Pornografia l\u00e9sbica gr\u00e1tis\" target=\"_blank\">Pornografia l\u00e9sbica gr\u00e1tis<\/a><\/td>\n  <td><\/td>  \n<\/tr><tr>\n  <td><a href=\"https:\/\/leakdump.com\" title=\"Descarga de fugas\" target=\"_blank\">Descarga de fugas<\/a><\/td>\n  <td><\/td>  \n<\/tr><tr>\n  <td><a href=\"https:\/\/hookupian.com\" title=\"Hookupiano\" target=\"_blank\">Hookupiano<\/a><\/td>\n  <td><\/td>  \n<\/tr><tr>\n  <td><a href=\"https:\/\/indianporndude.com\" title=\"Sites Pornogr\u00e1ficos Indianos\" target=\"_blank\">Homem Porno Indiano<\/a><\/td>\n  <td><\/td>  \n<\/tr><tr>\n  <td><a href=\"https:\/\/qatarescorts.sbs\/\" title=\"Escorts do Qatar\" target=\"_blank\">Escorts do Qatar<\/a><\/td>\n  <td><\/td>  \n<\/tr><tr>\n  <td><a href=\"https:\/\/omanescorts.sbs\/\" title=\"Escorts de Om\u00e3\" target=\"_blank\">Escorts de Om\u00e3<\/a><\/td>\n  <td><\/td>  \n<\/tr><tr>\n  <td><a href=\"https:\/\/dubaiescortsthai.xyz\/\" title=\"Dubai Escorts Thai\" target=\"_blank\">Dubai Escorts Thai<\/a><\/td>\n  <td><\/td>  \n<\/tr><tr>\n  <td><a href=\"https:\/\/qatarescorts.cfd\/\" title=\"Escorts do Qatar\" target=\"_blank\">Escorts do Qatar<\/a><\/td>\n  <td><\/td>  \n<\/tr><tr>\n  <td><a href=\"https:\/\/saudiescorts.cfd\/\" title=\"Acompanhantes Sauditas\" target=\"_blank\">Acompanhantes Sauditas<\/a><\/td>\n  <td><\/td>  \n<\/tr><tr>\n  <td><a href=\"https:\/\/uaeescorts.cfd\/\" title=\"Escorts Uae\" target=\"_blank\">Escorts Uae<\/a><\/td>\n  <td><\/td>  \n<\/tr><tr>\n  <td><a href=\"https:\/\/uaeescorts.club\/\" title=\"Escorts Uae\" target=\"_blank\">Escorts Uae<\/a><\/td>\n  <td><\/td>  \n<\/tr><\/tbody><\/table><\/div><\/div>\n\n\t\t<\/div>\n\t<\/div>\n<\/div><\/div><\/div><\/div><div class=\"vc_row wpb_row vc_row-fluid\"><div class=\"wpb_column vc_column_container vc_col-sm-12\"><div class=\"vc_column-inner\"><div class=\"wpb_wrapper\"><div  class=\"wpb_widgetised_column wpb_content_element\">\n\t\t<div class=\"wpb_wrapper\">\n\t\t\t\n\t\t\t\n\t\t<\/div>\n\t<\/div>\n<\/div><\/div><\/div><\/div>\n<\/div>","protected":false},"excerpt":{"rendered":"","protected":false},"author":8,"featured_media":0,"parent":0,"menu_order":0,"comment_status":"closed","ping_status":"closed","template":"","meta":{"footnotes":""},"class_list":["post-12380753","page","type-page","status-publish","hentry"],"yoast_head":"<!-- This site is optimized with the Yoast SEO Premium plugin v22.3 (Yoast SEO v27.3) - https:\/\/yoast.com\/product\/yoast-seo-premium-wordpress\/ -->\n<title>Classificados X - Acompanhantes<\/title>\n<meta name=\"robots\" content=\"index, follow, max-snippet:-1, max-image-preview:large, max-video-preview:-1\" \/>\n<link rel=\"canonical\" href=\"http:\/\/classificados-x.net\/pt\/links\/\" \/>\n<meta property=\"og:locale\" content=\"pt_PT\" \/>\n<meta property=\"og:type\" content=\"article\" \/>\n<meta property=\"og:title\" content=\"Links\" \/>\n<meta property=\"og:url\" content=\"http:\/\/classificados-x.net\/pt\/links\/\" \/>\n<meta property=\"og:site_name\" content=\"Classificados X - Acompanhantes\" \/>\n<meta property=\"article:modified_time\" content=\"2023-08-31T06:49:39+00:00\" \/>\n<meta name=\"twitter:card\" content=\"summary_large_image\" \/>\n<meta name=\"twitter:label1\" content=\"Tempo estimado de leitura\" \/>\n\t<meta name=\"twitter:data1\" content=\"1 minuto\" \/>\n<script type=\"application\/ld+json\" class=\"yoast-schema-graph\">{\"@context\":\"https:\\\/\\\/schema.org\",\"@graph\":[{\"@type\":\"WebPage\",\"@id\":\"http:\\\/\\\/classificados-x.net\\\/links\\\/\",\"url\":\"http:\\\/\\\/classificados-x.net\\\/links\\\/\",\"name\":\"Classificados X - Acompanhantes\",\"isPartOf\":{\"@id\":\"http:\\\/\\\/classificados-x.net\\\/#website\"},\"datePublished\":\"2023-08-31T06:47:40+00:00\",\"dateModified\":\"2023-08-31T06:49:39+00:00\",\"breadcrumb\":{\"@id\":\"http:\\\/\\\/classificados-x.net\\\/links\\\/#breadcrumb\"},\"inLanguage\":\"pt-PT\",\"potentialAction\":[{\"@type\":\"ReadAction\",\"target\":[\"http:\\\/\\\/classificados-x.net\\\/links\\\/\"]}]},{\"@type\":\"BreadcrumbList\",\"@id\":\"http:\\\/\\\/classificados-x.net\\\/links\\\/#breadcrumb\",\"itemListElement\":[{\"@type\":\"ListItem\",\"position\":1,\"name\":\"Home\",\"item\":\"http:\\\/\\\/classificados-x.net\\\/\"},{\"@type\":\"ListItem\",\"position\":2,\"name\":\"Links\"}]},{\"@type\":\"WebSite\",\"@id\":\"http:\\\/\\\/classificados-x.net\\\/#website\",\"url\":\"http:\\\/\\\/classificados-x.net\\\/\",\"name\":\"Classificados\",\"description\":\"Classificados X - Acompanhantes\",\"publisher\":{\"@id\":\"http:\\\/\\\/classificados-x.net\\\/#organization\"},\"alternateName\":\"Escorts\",\"potentialAction\":[{\"@type\":\"SearchAction\",\"target\":{\"@type\":\"EntryPoint\",\"urlTemplate\":\"http:\\\/\\\/classificados-x.net\\\/?s={search_term_string}\"},\"query-input\":{\"@type\":\"PropertyValueSpecification\",\"valueRequired\":true,\"valueName\":\"search_term_string\"}}],\"inLanguage\":\"pt-PT\"},{\"@type\":\"Organization\",\"@id\":\"http:\\\/\\\/classificados-x.net\\\/#organization\",\"name\":\"Classificados\",\"url\":\"http:\\\/\\\/classificados-x.net\\\/\",\"logo\":{\"@type\":\"ImageObject\",\"inLanguage\":\"pt-PT\",\"@id\":\"http:\\\/\\\/classificados-x.net\\\/#\\\/schema\\\/logo\\\/image\\\/\",\"url\":\"https:\\\/\\\/classificados-x.net\\\/wp-content\\\/uploads\\\/2023\\\/06\\\/cropped-Copy-of-Luxembourg-escort.lu-300-\u00d7-100px-300-\u00d7-75px-240-\u00d7-75px-240-\u00d7-62px.png\",\"contentUrl\":\"https:\\\/\\\/classificados-x.net\\\/wp-content\\\/uploads\\\/2023\\\/06\\\/cropped-Copy-of-Luxembourg-escort.lu-300-\u00d7-100px-300-\u00d7-75px-240-\u00d7-75px-240-\u00d7-62px.png\",\"width\":240,\"height\":62,\"caption\":\"Classificados\"},\"image\":{\"@id\":\"http:\\\/\\\/classificados-x.net\\\/#\\\/schema\\\/logo\\\/image\\\/\"}}]}<\/script>\n<!-- \/ Yoast SEO Premium plugin. -->","yoast_head_json":{"title":"Classificados X - Acompanhantes","robots":{"index":"index","follow":"follow","max-snippet":"max-snippet:-1","max-image-preview":"max-image-preview:large","max-video-preview":"max-video-preview:-1"},"canonical":"http:\/\/classificados-x.net\/pt\/links\/","og_locale":"pt_PT","og_type":"article","og_title":"Links","og_url":"http:\/\/classificados-x.net\/pt\/links\/","og_site_name":"Classificados X - Acompanhantes","article_modified_time":"2023-08-31T06:49:39+00:00","twitter_card":"summary_large_image","twitter_misc":{"Tempo estimado de leitura":"1 minuto"},"schema":{"@context":"https:\/\/schema.org","@graph":[{"@type":"WebPage","@id":"http:\/\/classificados-x.net\/links\/","url":"http:\/\/classificados-x.net\/links\/","name":"Classificados X - Acompanhantes","isPartOf":{"@id":"http:\/\/classificados-x.net\/#website"},"datePublished":"2023-08-31T06:47:40+00:00","dateModified":"2023-08-31T06:49:39+00:00","breadcrumb":{"@id":"http:\/\/classificados-x.net\/links\/#breadcrumb"},"inLanguage":"pt-PT","potentialAction":[{"@type":"ReadAction","target":["http:\/\/classificados-x.net\/links\/"]}]},{"@type":"BreadcrumbList","@id":"http:\/\/classificados-x.net\/links\/#breadcrumb","itemListElement":[{"@type":"ListItem","position":1,"name":"Home","item":"http:\/\/classificados-x.net\/"},{"@type":"ListItem","position":2,"name":"Links"}]},{"@type":"WebSite","@id":"http:\/\/classificados-x.net\/#website","url":"http:\/\/classificados-x.net\/","name":"\u00cdndios","description":"Classificados X - Acompanhantes","publisher":{"@id":"http:\/\/classificados-x.net\/#organization"},"alternateName":"Escorts","potentialAction":[{"@type":"SearchAction","target":{"@type":"EntryPoint","urlTemplate":"http:\/\/classificados-x.net\/?s={search_term_string}"},"query-input":{"@type":"PropertyValueSpecification","valueRequired":true,"valueName":"search_term_string"}}],"inLanguage":"pt-PT"},{"@type":"Organization","@id":"http:\/\/classificados-x.net\/#organization","name":"\u00cdndios","url":"http:\/\/classificados-x.net\/","logo":{"@type":"ImageObject","inLanguage":"pt-PT","@id":"http:\/\/classificados-x.net\/#\/schema\/logo\/image\/","url":"https:\/\/classificados-x.net\/wp-content\/uploads\/2023\/06\/cropped-Copy-of-Luxembourg-escort.lu-300-\u00d7-100px-300-\u00d7-75px-240-\u00d7-75px-240-\u00d7-62px.png","contentUrl":"https:\/\/classificados-x.net\/wp-content\/uploads\/2023\/06\/cropped-Copy-of-Luxembourg-escort.lu-300-\u00d7-100px-300-\u00d7-75px-240-\u00d7-75px-240-\u00d7-62px.png","width":240,"height":62,"caption":"Classificados"},"image":{"@id":"http:\/\/classificados-x.net\/#\/schema\/logo\/image\/"}}]}},"_links":{"self":[{"href":"https:\/\/classificados-x.net\/pt\/wp-json\/wp\/v2\/pages\/12380753","targetHints":{"allow":["GET"]}}],"collection":[{"href":"https:\/\/classificados-x.net\/pt\/wp-json\/wp\/v2\/pages"}],"about":[{"href":"https:\/\/classificados-x.net\/pt\/wp-json\/wp\/v2\/types\/page"}],"author":[{"embeddable":true,"href":"https:\/\/classificados-x.net\/pt\/wp-json\/wp\/v2\/users\/8"}],"replies":[{"embeddable":true,"href":"https:\/\/classificados-x.net\/pt\/wp-json\/wp\/v2\/comments?post=12380753"}],"version-history":[{"count":3,"href":"https:\/\/classificados-x.net\/pt\/wp-json\/wp\/v2\/pages\/12380753\/revisions"}],"predecessor-version":[{"id":12380758,"href":"https:\/\/classificados-x.net\/pt\/wp-json\/wp\/v2\/pages\/12380753\/revisions\/12380758"}],"wp:attachment":[{"href":"https:\/\/classificados-x.net\/pt\/wp-json\/wp\/v2\/media?parent=12380753"}],"curies":[{"name":"wp","href":"https:\/\/api.w.org\/{rel}","templated":true}]}}