{"id":327785,"date":"2024-02-12T08:10:06","date_gmt":"2024-02-12T08:10:06","guid":{"rendered":"https:\/\/classificados-x.net\/?post_type=product&#038;p=327785"},"modified":"2024-02-12T08:10:06","modified_gmt":"2024-02-12T08:10:06","slug":"gabriela-canela","status":"publish","type":"product","link":"http:\/\/classificados-x.net\/pt\/escort\/gabrielacanela\/","title":{"rendered":"Gabriela Canela"},"content":{"rendered":"<p>Sou a GabrielaCanela venho de Sintra e sou solteiro tenho um relacionamento sem compromisso com uma mulher e procuro um homem para relacionamento virtual, alinhas?<\/p>","protected":false},"excerpt":{"rendered":"<p>Sou a GabrielaCanela venho de Sintra e sou solteira tenho uma rela\u221a\u00df\u221a\u00a3o sem compromisso com uma mulher e procuro um homem para rela\u221a\u00df\u221a\u00a3o virtual, alinhas?<\/p>","protected":false},"featured_media":12380603,"template":"","meta":[],"product_brand":[],"product_cat":[1092],"product_tag":[895,902,903,893,901,898,904,897,900,894,896,905,899],"class_list":{"0":"post-327785","1":"product","2":"type-product","3":"status-publish","4":"has-post-thumbnail","6":"product_cat-sintra","7":"product_tag-acompanhantes-porto","8":"product_tag-asian-escorts-portugal","9":"product_tag-asian-massage-portugal","10":"product_tag-classificados-x","11":"product_tag-escort-girls-portugal","12":"product_tag-escorts-in-portugal","13":"product_tag-escorts-porto","14":"product_tag-female-escorts-portugal","15":"product_tag-inderpendent-escorts-portugal","16":"product_tag-lisbon-girl-escorts","17":"product_tag-massage-escorts-portugal","18":"product_tag-portugal-sex-guide","19":"product_tag-sexy-escorts-portugal","20":"pa_enjoys-69-position-escorts","21":"pa_enjoys-bisexual","22":"pa_enjoys-dildo","23":"pa_enjoys-experimental","24":"pa_enjoys-kissing","25":"pa_enjoys-public","26":"pa_enjoys-sex-toys","27":"pa_places-city-center","29":"first","30":"instock","31":"shipping-taxable","32":"product-type-external"},"yoast_head":"<!-- This site is optimized with the Yoast SEO Premium plugin v22.3 (Yoast SEO v27.3) - https:\/\/yoast.com\/product\/yoast-seo-premium-wordpress\/ -->\n<title>GabrielaCanela Classificados Escort<\/title>\n<meta name=\"description\" content=\"GabrielaCanela is a girl that you can get in touch with at classificados Escorts.\" \/>\n<meta name=\"robots\" content=\"index, follow, max-snippet:-1, max-image-preview:large, max-video-preview:-1\" \/>\n<link rel=\"canonical\" href=\"http:\/\/classificados-x.net\/pt\/escolta\/gabriela-canela\/\" \/>\n<meta property=\"og:locale\" content=\"pt_PT\" \/>\n<meta property=\"og:type\" content=\"article\" \/>\n<meta property=\"og:title\" content=\"GabrielaCanela\" \/>\n<meta property=\"og:description\" content=\"GabrielaCanela is a girl that you can get in touch with at classificados Escorts.\" \/>\n<meta property=\"og:url\" content=\"http:\/\/classificados-x.net\/pt\/escolta\/gabriela-canela\/\" \/>\n<meta property=\"og:site_name\" content=\"Classificados X - Acompanhantes\" \/>\n<meta property=\"og:image\" content=\"http:\/\/classificados-x.net\/wp-content\/uploads\/2023\/06\/327785_1-2.jpg\" \/>\n\t<meta property=\"og:image:width\" content=\"1\" \/>\n\t<meta property=\"og:image:height\" content=\"1\" \/>\n\t<meta property=\"og:image:type\" content=\"image\/jpeg\" \/>\n<meta name=\"twitter:card\" content=\"summary_large_image\" \/>\n<script type=\"application\/ld+json\" class=\"yoast-schema-graph\">{\"@context\":\"https:\\\/\\\/schema.org\",\"@graph\":[{\"@type\":\"WebPage\",\"@id\":\"http:\\\/\\\/classificados-x.net\\\/escort\\\/gabrielacanela\\\/\",\"url\":\"http:\\\/\\\/classificados-x.net\\\/escort\\\/gabrielacanela\\\/\",\"name\":\"GabrielaCanela Classificados Escort\",\"isPartOf\":{\"@id\":\"http:\\\/\\\/classificados-x.net\\\/#website\"},\"primaryImageOfPage\":{\"@id\":\"http:\\\/\\\/classificados-x.net\\\/escort\\\/gabrielacanela\\\/#primaryimage\"},\"image\":{\"@id\":\"http:\\\/\\\/classificados-x.net\\\/escort\\\/gabrielacanela\\\/#primaryimage\"},\"thumbnailUrl\":\"http:\\\/\\\/classificados-x.net\\\/wp-content\\\/uploads\\\/2023\\\/06\\\/327785_1-2.jpg\",\"datePublished\":\"2024-02-12T08:10:06+00:00\",\"description\":\"GabrielaCanela is a girl that you can get in touch with at classificados Escorts.\",\"breadcrumb\":{\"@id\":\"http:\\\/\\\/classificados-x.net\\\/escort\\\/gabrielacanela\\\/#breadcrumb\"},\"inLanguage\":\"pt-PT\",\"potentialAction\":[{\"@type\":\"ReadAction\",\"target\":[\"http:\\\/\\\/classificados-x.net\\\/escort\\\/gabrielacanela\\\/\"]}]},{\"@type\":\"ImageObject\",\"inLanguage\":\"pt-PT\",\"@id\":\"http:\\\/\\\/classificados-x.net\\\/escort\\\/gabrielacanela\\\/#primaryimage\",\"url\":\"http:\\\/\\\/classificados-x.net\\\/wp-content\\\/uploads\\\/2023\\\/06\\\/327785_1-2.jpg\",\"contentUrl\":\"http:\\\/\\\/classificados-x.net\\\/wp-content\\\/uploads\\\/2023\\\/06\\\/327785_1-2.jpg\",\"caption\":\"GabrielaCanela\"},{\"@type\":\"BreadcrumbList\",\"@id\":\"http:\\\/\\\/classificados-x.net\\\/escort\\\/gabrielacanela\\\/#breadcrumb\",\"itemListElement\":[{\"@type\":\"ListItem\",\"position\":1,\"name\":\"Home\",\"item\":\"http:\\\/\\\/classificados-x.net\\\/\"},{\"@type\":\"ListItem\",\"position\":2,\"name\":\"Classificados X &#8211; Acompanhantes &#8211; Classificados\",\"item\":\"http:\\\/\\\/classificados-x.net\\\/\"},{\"@type\":\"ListItem\",\"position\":3,\"name\":\"GabrielaCanela\"}]},{\"@type\":\"WebSite\",\"@id\":\"http:\\\/\\\/classificados-x.net\\\/#website\",\"url\":\"http:\\\/\\\/classificados-x.net\\\/\",\"name\":\"Classificados\",\"description\":\"Classificados X - Acompanhantes\",\"publisher\":{\"@id\":\"http:\\\/\\\/classificados-x.net\\\/#organization\"},\"alternateName\":\"Escorts\",\"potentialAction\":[{\"@type\":\"SearchAction\",\"target\":{\"@type\":\"EntryPoint\",\"urlTemplate\":\"http:\\\/\\\/classificados-x.net\\\/?s={search_term_string}\"},\"query-input\":{\"@type\":\"PropertyValueSpecification\",\"valueRequired\":true,\"valueName\":\"search_term_string\"}}],\"inLanguage\":\"pt-PT\"},{\"@type\":\"Organization\",\"@id\":\"http:\\\/\\\/classificados-x.net\\\/#organization\",\"name\":\"Classificados\",\"url\":\"http:\\\/\\\/classificados-x.net\\\/\",\"logo\":{\"@type\":\"ImageObject\",\"inLanguage\":\"pt-PT\",\"@id\":\"http:\\\/\\\/classificados-x.net\\\/#\\\/schema\\\/logo\\\/image\\\/\",\"url\":\"http:\\\/\\\/classificados-x.net\\\/wp-content\\\/uploads\\\/2023\\\/06\\\/cropped-Copy-of-Luxembourg-escort.lu-300-\u00d7-100px-300-\u00d7-75px-240-\u00d7-75px-240-\u00d7-62px.png\",\"contentUrl\":\"http:\\\/\\\/classificados-x.net\\\/wp-content\\\/uploads\\\/2023\\\/06\\\/cropped-Copy-of-Luxembourg-escort.lu-300-\u00d7-100px-300-\u00d7-75px-240-\u00d7-75px-240-\u00d7-62px.png\",\"width\":240,\"height\":62,\"caption\":\"Classificados\"},\"image\":{\"@id\":\"http:\\\/\\\/classificados-x.net\\\/#\\\/schema\\\/logo\\\/image\\\/\"}}]}<\/script>\n<!-- \/ Yoast SEO Premium plugin. -->","yoast_head_json":{"title":"Acompanhante GabrielaCanela Classificados","description":"GabrielaCanela \u00e9 uma garota com quem voc\u00ea pode entrar em contato em classificados Escorts.","robots":{"index":"index","follow":"follow","max-snippet":"max-snippet:-1","max-image-preview":"max-image-preview:large","max-video-preview":"max-video-preview:-1"},"canonical":"http:\/\/classificados-x.net\/pt\/escolta\/gabriela-canela\/","og_locale":"pt_PT","og_type":"article","og_title":"GabrielaCanela","og_description":"GabrielaCanela is a girl that you can get in touch with at classificados Escorts.","og_url":"http:\/\/classificados-x.net\/pt\/escolta\/gabriela-canela\/","og_site_name":"Classificados X - Acompanhantes","og_image":[{"url":"http:\/\/classificados-x.net\/wp-content\/uploads\/2023\/06\/327785_1-2.jpg","width":1,"height":1,"type":"image\/jpeg"}],"twitter_card":"summary_large_image","schema":{"@context":"https:\/\/schema.org","@graph":[{"@type":"WebPage","@id":"http:\/\/classificados-x.net\/escort\/gabrielacanela\/","url":"http:\/\/classificados-x.net\/escort\/gabrielacanela\/","name":"Acompanhante GabrielaCanela Classificados","isPartOf":{"@id":"http:\/\/classificados-x.net\/#website"},"primaryImageOfPage":{"@id":"http:\/\/classificados-x.net\/escort\/gabrielacanela\/#primaryimage"},"image":{"@id":"http:\/\/classificados-x.net\/escort\/gabrielacanela\/#primaryimage"},"thumbnailUrl":"http:\/\/classificados-x.net\/wp-content\/uploads\/2023\/06\/327785_1-2.jpg","datePublished":"2024-02-12T08:10:06+00:00","description":"GabrielaCanela \u00e9 uma garota com quem voc\u00ea pode entrar em contato em classificados Escorts.","breadcrumb":{"@id":"http:\/\/classificados-x.net\/escort\/gabrielacanela\/#breadcrumb"},"inLanguage":"pt-PT","potentialAction":[{"@type":"ReadAction","target":["http:\/\/classificados-x.net\/escort\/gabrielacanela\/"]}]},{"@type":"ImageObject","inLanguage":"pt-PT","@id":"http:\/\/classificados-x.net\/escort\/gabrielacanela\/#primaryimage","url":"http:\/\/classificados-x.net\/wp-content\/uploads\/2023\/06\/327785_1-2.jpg","contentUrl":"http:\/\/classificados-x.net\/wp-content\/uploads\/2023\/06\/327785_1-2.jpg","caption":"GabrielaCanela"},{"@type":"BreadcrumbList","@id":"http:\/\/classificados-x.net\/escort\/gabrielacanela\/#breadcrumb","itemListElement":[{"@type":"ListItem","position":1,"name":"Home","item":"http:\/\/classificados-x.net\/"},{"@type":"ListItem","position":2,"name":"Classificados X &#8211; Acompanhantes &#8211; Classificados","item":"http:\/\/classificados-x.net\/"},{"@type":"ListItem","position":3,"name":"GabrielaCanela"}]},{"@type":"WebSite","@id":"http:\/\/classificados-x.net\/#website","url":"http:\/\/classificados-x.net\/","name":"\u00cdndios","description":"Classificados X - Acompanhantes","publisher":{"@id":"http:\/\/classificados-x.net\/#organization"},"alternateName":"Escorts","potentialAction":[{"@type":"SearchAction","target":{"@type":"EntryPoint","urlTemplate":"http:\/\/classificados-x.net\/?s={search_term_string}"},"query-input":{"@type":"PropertyValueSpecification","valueRequired":true,"valueName":"search_term_string"}}],"inLanguage":"pt-PT"},{"@type":"Organization","@id":"http:\/\/classificados-x.net\/#organization","name":"\u00cdndios","url":"http:\/\/classificados-x.net\/","logo":{"@type":"ImageObject","inLanguage":"pt-PT","@id":"http:\/\/classificados-x.net\/#\/schema\/logo\/image\/","url":"http:\/\/classificados-x.net\/wp-content\/uploads\/2023\/06\/cropped-Copy-of-Luxembourg-escort.lu-300-\u00d7-100px-300-\u00d7-75px-240-\u00d7-75px-240-\u00d7-62px.png","contentUrl":"http:\/\/classificados-x.net\/wp-content\/uploads\/2023\/06\/cropped-Copy-of-Luxembourg-escort.lu-300-\u00d7-100px-300-\u00d7-75px-240-\u00d7-75px-240-\u00d7-62px.png","width":240,"height":62,"caption":"Classificados"},"image":{"@id":"http:\/\/classificados-x.net\/#\/schema\/logo\/image\/"}}]}},"_links":{"self":[{"href":"http:\/\/classificados-x.net\/pt\/wp-json\/wp\/v2\/product\/327785","targetHints":{"allow":["GET"]}}],"collection":[{"href":"http:\/\/classificados-x.net\/pt\/wp-json\/wp\/v2\/product"}],"about":[{"href":"http:\/\/classificados-x.net\/pt\/wp-json\/wp\/v2\/types\/product"}],"wp:featuredmedia":[{"embeddable":true,"href":"http:\/\/classificados-x.net\/pt\/wp-json\/wp\/v2\/media\/12380603"}],"wp:attachment":[{"href":"http:\/\/classificados-x.net\/pt\/wp-json\/wp\/v2\/media?parent=327785"}],"wp:term":[{"taxonomy":"product_brand","embeddable":true,"href":"http:\/\/classificados-x.net\/pt\/wp-json\/wp\/v2\/product_brand?post=327785"},{"taxonomy":"product_cat","embeddable":true,"href":"http:\/\/classificados-x.net\/pt\/wp-json\/wp\/v2\/product_cat?post=327785"},{"taxonomy":"product_tag","embeddable":true,"href":"http:\/\/classificados-x.net\/pt\/wp-json\/wp\/v2\/product_tag?post=327785"}],"curies":[{"name":"wp","href":"https:\/\/api.w.org\/{rel}","templated":true}]}}