{"id":327724,"date":"2023-06-20T13:06:00","date_gmt":"2023-06-20T13:06:00","guid":{"rendered":"https:\/\/classificados-x.net\/?post_type=product&#038;p=327724"},"modified":"2023-06-20T13:06:00","modified_gmt":"2023-06-20T13:06:00","slug":"tammie24","status":"publish","type":"product","link":"http:\/\/classificados-x.net\/pt\/escort\/tammie24\/","title":{"rendered":"tammie24"},"content":{"rendered":"<p>S\u221a\u2265 quero conhecer algu\u221a\u00a9m que me estime\u2026<\/p>","protected":false},"excerpt":{"rendered":"<p>S\u221a\u2265 quero conhecer algu\u221a\u00a9m que me estime\u2026<\/p>","protected":false},"featured_media":12379138,"template":"","meta":[],"product_brand":[],"product_cat":[1046],"product_tag":[895,902,903,893,901,898,904,897,900,894,896,905,899],"class_list":{"0":"post-327724","1":"product","2":"type-product","3":"status-publish","4":"has-post-thumbnail","6":"product_cat-mafra","7":"product_tag-acompanhantes-porto","8":"product_tag-asian-escorts-portugal","9":"product_tag-asian-massage-portugal","10":"product_tag-classificados-x","11":"product_tag-escort-girls-portugal","12":"product_tag-escorts-in-portugal","13":"product_tag-escorts-porto","14":"product_tag-female-escorts-portugal","15":"product_tag-inderpendent-escorts-portugal","16":"product_tag-lisbon-girl-escorts","17":"product_tag-massage-escorts-portugal","18":"product_tag-portugal-sex-guide","19":"product_tag-sexy-escorts-portugal","20":"pa_enjoys-69-position-escorts","21":"pa_enjoys-big-dick","22":"pa_enjoys-cybersex","23":"pa_enjoys-doggy-style","24":"pa_enjoys-experimental","25":"pa_enjoys-lingerie","26":"pa_enjoys-long-foreplay","27":"pa_enjoys-masturbation","28":"pa_enjoys-oral-sex","29":"pa_enjoys-role-play","30":"pa_enjoys-sex-toys","31":"pa_enjoys-to-dominate","32":"pa_places-city-center","34":"first","35":"instock","36":"shipping-taxable","37":"product-type-external"},"yoast_head":"<!-- This site is optimized with the Yoast SEO Premium plugin v22.3 (Yoast SEO v27.0) - https:\/\/yoast.com\/product\/yoast-seo-premium-wordpress\/ -->\n<title>tammie24 Classificados Escort<\/title>\n<meta name=\"description\" content=\"tammie24 is a girl that you can get in touch with at classificados Escorts.\" \/>\n<meta name=\"robots\" content=\"index, follow, max-snippet:-1, max-image-preview:large, max-video-preview:-1\" \/>\n<link rel=\"canonical\" href=\"http:\/\/classificados-x.net\/pt\/escolta\/tammie24\/\" \/>\n<meta property=\"og:locale\" content=\"pt_PT\" \/>\n<meta property=\"og:type\" content=\"article\" \/>\n<meta property=\"og:title\" content=\"tammie24\" \/>\n<meta property=\"og:description\" content=\"tammie24 is a girl that you can get in touch with at classificados Escorts.\" \/>\n<meta property=\"og:url\" content=\"http:\/\/classificados-x.net\/pt\/escolta\/tammie24\/\" \/>\n<meta property=\"og:site_name\" content=\"Classificados X - Acompanhantes\" \/>\n<meta property=\"og:image\" content=\"http:\/\/classificados-x.net\/wp-content\/uploads\/2023\/06\/327724_1-2.jpg\" \/>\n\t<meta property=\"og:image:width\" content=\"1\" \/>\n\t<meta property=\"og:image:height\" content=\"1\" \/>\n\t<meta property=\"og:image:type\" content=\"image\/jpeg\" \/>\n<meta name=\"twitter:card\" content=\"summary_large_image\" \/>\n<script type=\"application\/ld+json\" class=\"yoast-schema-graph\">{\"@context\":\"https:\/\/schema.org\",\"@graph\":[{\"@type\":\"WebPage\",\"@id\":\"http:\/\/classificados-x.net\/pt\/escolta\/tammie24\/\",\"url\":\"http:\/\/classificados-x.net\/pt\/escolta\/tammie24\/\",\"name\":\"tammie24 Classificados Escort\",\"isPartOf\":{\"@id\":\"https:\/\/classificados-x.net\/#website\"},\"primaryImageOfPage\":{\"@id\":\"http:\/\/classificados-x.net\/pt\/escolta\/tammie24\/#primaryimage\"},\"image\":{\"@id\":\"http:\/\/classificados-x.net\/pt\/escolta\/tammie24\/#primaryimage\"},\"thumbnailUrl\":\"http:\/\/classificados-x.net\/wp-content\/uploads\/2023\/06\/327724_1-2.jpg\",\"datePublished\":\"2023-06-20T13:06:00+00:00\",\"description\":\"tammie24 is a girl that you can get in touch with at classificados Escorts.\",\"breadcrumb\":{\"@id\":\"http:\/\/classificados-x.net\/pt\/escolta\/tammie24\/#breadcrumb\"},\"inLanguage\":\"pt-PT\",\"potentialAction\":[{\"@type\":\"ReadAction\",\"target\":[\"http:\/\/classificados-x.net\/pt\/escolta\/tammie24\/\"]}]},{\"@type\":\"ImageObject\",\"inLanguage\":\"pt-PT\",\"@id\":\"http:\/\/classificados-x.net\/pt\/escolta\/tammie24\/#primaryimage\",\"url\":\"http:\/\/classificados-x.net\/wp-content\/uploads\/2023\/06\/327724_1-2.jpg\",\"contentUrl\":\"http:\/\/classificados-x.net\/wp-content\/uploads\/2023\/06\/327724_1-2.jpg\",\"caption\":\"tammie24\"},{\"@type\":\"BreadcrumbList\",\"@id\":\"http:\/\/classificados-x.net\/pt\/escolta\/tammie24\/#breadcrumb\",\"itemListElement\":[{\"@type\":\"ListItem\",\"position\":1,\"name\":\"Home\",\"item\":\"https:\/\/classificados-x.net\/\"},{\"@type\":\"ListItem\",\"position\":2,\"name\":\"Classificados X &#8211; Acompanhantes &#8211; Classificados\",\"item\":\"https:\/\/classificados-x.net\/\"},{\"@type\":\"ListItem\",\"position\":3,\"name\":\"tammie24\"}]},{\"@type\":\"WebSite\",\"@id\":\"https:\/\/classificados-x.net\/#website\",\"url\":\"https:\/\/classificados-x.net\/\",\"name\":\"Classificados\",\"description\":\"Classificados X - Acompanhantes\",\"publisher\":{\"@id\":\"https:\/\/classificados-x.net\/#organization\"},\"alternateName\":\"Escorts\",\"potentialAction\":[{\"@type\":\"SearchAction\",\"target\":{\"@type\":\"EntryPoint\",\"urlTemplate\":\"https:\/\/classificados-x.net\/?s={search_term_string}\"},\"query-input\":{\"@type\":\"PropertyValueSpecification\",\"valueRequired\":true,\"valueName\":\"search_term_string\"}}],\"inLanguage\":\"pt-PT\"},{\"@type\":\"Organization\",\"@id\":\"https:\/\/classificados-x.net\/#organization\",\"name\":\"Classificados\",\"url\":\"https:\/\/classificados-x.net\/\",\"logo\":{\"@type\":\"ImageObject\",\"inLanguage\":\"pt-PT\",\"@id\":\"https:\/\/classificados-x.net\/#\/schema\/logo\/image\/\",\"url\":\"http:\/\/classificados-x.net\/wp-content\/uploads\/2023\/06\/cropped-Copy-of-Luxembourg-escort.lu-300-\u00d7-100px-300-\u00d7-75px-240-\u00d7-75px-240-\u00d7-62px.png\",\"contentUrl\":\"http:\/\/classificados-x.net\/wp-content\/uploads\/2023\/06\/cropped-Copy-of-Luxembourg-escort.lu-300-\u00d7-100px-300-\u00d7-75px-240-\u00d7-75px-240-\u00d7-62px.png\",\"width\":240,\"height\":62,\"caption\":\"Classificados\"},\"image\":{\"@id\":\"https:\/\/classificados-x.net\/#\/schema\/logo\/image\/\"}}]}<\/script>\n<!-- \/ Yoast SEO Premium plugin. -->","yoast_head_json":{"title":"tammie24 Classificados Acompanhantes","description":"tammie24 \u00e9 uma rapariga com quem pode entrar em contacto em classificados Escorts.","robots":{"index":"index","follow":"follow","max-snippet":"max-snippet:-1","max-image-preview":"max-image-preview:large","max-video-preview":"max-video-preview:-1"},"canonical":"http:\/\/classificados-x.net\/pt\/escolta\/tammie24\/","og_locale":"pt_PT","og_type":"article","og_title":"tammie24","og_description":"tammie24 is a girl that you can get in touch with at classificados Escorts.","og_url":"http:\/\/classificados-x.net\/pt\/escolta\/tammie24\/","og_site_name":"Classificados X - Acompanhantes","og_image":[{"url":"http:\/\/classificados-x.net\/wp-content\/uploads\/2023\/06\/327724_1-2.jpg","width":1,"height":1,"type":"image\/jpeg"}],"twitter_card":"summary_large_image","schema":{"@context":"https:\/\/schema.org","@graph":[{"@type":"WebPage","@id":"http:\/\/classificados-x.net\/pt\/escolta\/tammie24\/","url":"http:\/\/classificados-x.net\/pt\/escolta\/tammie24\/","name":"tammie24 Classificados Acompanhantes","isPartOf":{"@id":"https:\/\/classificados-x.net\/#website"},"primaryImageOfPage":{"@id":"http:\/\/classificados-x.net\/pt\/escolta\/tammie24\/#primaryimage"},"image":{"@id":"http:\/\/classificados-x.net\/pt\/escolta\/tammie24\/#primaryimage"},"thumbnailUrl":"http:\/\/classificados-x.net\/wp-content\/uploads\/2023\/06\/327724_1-2.jpg","datePublished":"2023-06-20T13:06:00+00:00","description":"tammie24 \u00e9 uma rapariga com quem pode entrar em contacto em classificados Escorts.","breadcrumb":{"@id":"http:\/\/classificados-x.net\/pt\/escolta\/tammie24\/#breadcrumb"},"inLanguage":"pt-PT","potentialAction":[{"@type":"ReadAction","target":["http:\/\/classificados-x.net\/pt\/escolta\/tammie24\/"]}]},{"@type":"ImageObject","inLanguage":"pt-PT","@id":"http:\/\/classificados-x.net\/pt\/escolta\/tammie24\/#primaryimage","url":"http:\/\/classificados-x.net\/wp-content\/uploads\/2023\/06\/327724_1-2.jpg","contentUrl":"http:\/\/classificados-x.net\/wp-content\/uploads\/2023\/06\/327724_1-2.jpg","caption":"tammie24"},{"@type":"BreadcrumbList","@id":"http:\/\/classificados-x.net\/pt\/escolta\/tammie24\/#breadcrumb","itemListElement":[{"@type":"ListItem","position":1,"name":"Home","item":"https:\/\/classificados-x.net\/"},{"@type":"ListItem","position":2,"name":"Classificados X &#8211; Acompanhantes &#8211; Classificados","item":"https:\/\/classificados-x.net\/"},{"@type":"ListItem","position":3,"name":"tammie24"}]},{"@type":"WebSite","@id":"https:\/\/classificados-x.net\/#website","url":"https:\/\/classificados-x.net\/","name":"\u00cdndios","description":"Classificados X - Acompanhantes","publisher":{"@id":"https:\/\/classificados-x.net\/#organization"},"alternateName":"Escorts","potentialAction":[{"@type":"SearchAction","target":{"@type":"EntryPoint","urlTemplate":"https:\/\/classificados-x.net\/?s={search_term_string}"},"query-input":{"@type":"PropertyValueSpecification","valueRequired":true,"valueName":"search_term_string"}}],"inLanguage":"pt-PT"},{"@type":"Organization","@id":"https:\/\/classificados-x.net\/#organization","name":"\u00cdndios","url":"https:\/\/classificados-x.net\/","logo":{"@type":"ImageObject","inLanguage":"pt-PT","@id":"https:\/\/classificados-x.net\/#\/schema\/logo\/image\/","url":"http:\/\/classificados-x.net\/wp-content\/uploads\/2023\/06\/cropped-Copy-of-Luxembourg-escort.lu-300-\u00d7-100px-300-\u00d7-75px-240-\u00d7-75px-240-\u00d7-62px.png","contentUrl":"http:\/\/classificados-x.net\/wp-content\/uploads\/2023\/06\/cropped-Copy-of-Luxembourg-escort.lu-300-\u00d7-100px-300-\u00d7-75px-240-\u00d7-75px-240-\u00d7-62px.png","width":240,"height":62,"caption":"Classificados"},"image":{"@id":"https:\/\/classificados-x.net\/#\/schema\/logo\/image\/"}}]}},"_links":{"self":[{"href":"http:\/\/classificados-x.net\/pt\/wp-json\/wp\/v2\/product\/327724","targetHints":{"allow":["GET"]}}],"collection":[{"href":"http:\/\/classificados-x.net\/pt\/wp-json\/wp\/v2\/product"}],"about":[{"href":"http:\/\/classificados-x.net\/pt\/wp-json\/wp\/v2\/types\/product"}],"wp:featuredmedia":[{"embeddable":true,"href":"http:\/\/classificados-x.net\/pt\/wp-json\/wp\/v2\/media\/12379138"}],"wp:attachment":[{"href":"http:\/\/classificados-x.net\/pt\/wp-json\/wp\/v2\/media?parent=327724"}],"wp:term":[{"taxonomy":"product_brand","embeddable":true,"href":"http:\/\/classificados-x.net\/pt\/wp-json\/wp\/v2\/product_brand?post=327724"},{"taxonomy":"product_cat","embeddable":true,"href":"http:\/\/classificados-x.net\/pt\/wp-json\/wp\/v2\/product_cat?post=327724"},{"taxonomy":"product_tag","embeddable":true,"href":"http:\/\/classificados-x.net\/pt\/wp-json\/wp\/v2\/product_tag?post=327724"}],"curies":[{"name":"wp","href":"https:\/\/api.w.org\/{rel}","templated":true}]}}