{"id":327624,"date":"2024-04-09T08:09:19","date_gmt":"2024-04-09T08:09:19","guid":{"rendered":"https:\/\/classificados-x.net\/?post_type=product&#038;p=327624"},"modified":"2024-04-09T08:09:19","modified_gmt":"2024-04-09T08:09:19","slug":"gutinha","status":"publish","type":"product","link":"http:\/\/classificados-x.net\/pt\/escort\/gutinha\/","title":{"rendered":"Gutinha"},"content":{"rendered":"<p>Maria Augusta, ou simplesmente Guta. Estou aqui para conhecer pessoas como eu: desinibidas, sinceras, honestas, sigilosas e dispostas a passar uns bons momentos. Desde j\u00e1 digo que n\u00e3o tenho grande simpatia por curiosos, ou por cortes. Estou aqui para levar as coisas avan\u00e7adas, de prefer\u00eancia com certa rapidez, pois tenho grandes necessidades. Algu\u221a\u00a9m se aventura? Beijoca aos corajosos.<\/p>","protected":false},"excerpt":{"rendered":"<p>Maria Augusta, ou simplesmente Guta. Estou aqui para conhecer pessoas como eu: desinibidas, sinceras, honestas, sigilosas e dispostas a passar uns bons momentos. Desde j\u221a\u00b0 digo que n\u221a\u00a3o tenho grande simpatia por curiosos, ou por cortes. Estou aqui para levar as coisas avante, de prefer\u221a\u2122ncia com certa rapidez, pois tenho necessidades grandes. Algu\u221a\u00a9m se aventura? ... <a href=\"http:\/\/classificados-x.net\/pt\/escort\/gutinha\/\" class=\"more-link\">Continuar lendo <span class=\"screen-reader-text\">Gutinha<\/span><\/a><\/p>","protected":false},"featured_media":12378170,"template":"","meta":[],"product_brand":[],"product_cat":[1023],"product_tag":[895,902,903,893,901,898,904,897,900,894,896,905,899],"class_list":{"0":"post-327624","1":"product","2":"type-product","3":"status-publish","4":"has-post-thumbnail","6":"product_cat-lisboa","7":"product_tag-acompanhantes-porto","8":"product_tag-asian-escorts-portugal","9":"product_tag-asian-massage-portugal","10":"product_tag-classificados-x","11":"product_tag-escort-girls-portugal","12":"product_tag-escorts-in-portugal","13":"product_tag-escorts-porto","14":"product_tag-female-escorts-portugal","15":"product_tag-inderpendent-escorts-portugal","16":"product_tag-lisbon-girl-escorts","17":"product_tag-massage-escorts-portugal","18":"product_tag-portugal-sex-guide","19":"product_tag-sexy-escorts-portugal","20":"pa_enjoys-facials","21":"pa_enjoys-femdom","22":"pa_enjoys-footjob","23":"pa_enjoys-latex","24":"pa_enjoys-masturbation","25":"pa_enjoys-medical-play","26":"pa_enjoys-nylon","27":"pa_enjoys-oral-sex","28":"pa_enjoys-orgy","29":"pa_enjoys-public","30":"pa_enjoys-shaved","31":"pa_enjoys-sugar-daddy","32":"pa_enjoys-teasingteasing","33":"pa_enjoys-uniform","34":"pa_enjoys-whip","35":"pa_places-avenida-da-liberdade","36":"pa_places-costa-da-caparica","37":"pa_places-avenidas-novas","38":"pa_places-bairro-alto","39":"pa_places-baixa","40":"pa_places-belem","41":"pa_places-cais-do-sodre","42":"pa_places-chiado","43":"pa_places-graca","44":"pa_places-lapa","45":"pa_places-parque-das-nacaes","46":"pa_places-alfama","47":"pa_places-prancipe-real","49":"first","50":"instock","51":"shipping-taxable","52":"product-type-external"},"yoast_head":"<!-- This site is optimized with the Yoast SEO Premium plugin v22.3 (Yoast SEO v27.3) - https:\/\/yoast.com\/product\/yoast-seo-premium-wordpress\/ -->\n<title>Gutinha Classificados Escort<\/title>\n<meta name=\"description\" content=\"Gutinha is a girl that you can get in touch with at classificados Escorts.\" \/>\n<meta name=\"robots\" content=\"index, follow, max-snippet:-1, max-image-preview:large, max-video-preview:-1\" \/>\n<link rel=\"canonical\" href=\"http:\/\/classificados-x.net\/pt\/escolta\/gutinha\/\" \/>\n<meta property=\"og:locale\" content=\"pt_PT\" \/>\n<meta property=\"og:type\" content=\"article\" \/>\n<meta property=\"og:title\" content=\"Gutinha\" \/>\n<meta property=\"og:description\" content=\"Gutinha is a girl that you can get in touch with at classificados Escorts.\" \/>\n<meta property=\"og:url\" content=\"http:\/\/classificados-x.net\/pt\/escolta\/gutinha\/\" \/>\n<meta property=\"og:site_name\" content=\"Classificados X - Acompanhantes\" \/>\n<meta property=\"og:image\" content=\"http:\/\/classificados-x.net\/wp-content\/uploads\/2023\/06\/327624_1-2.jpg\" \/>\n\t<meta property=\"og:image:width\" content=\"1\" \/>\n\t<meta property=\"og:image:height\" content=\"1\" \/>\n\t<meta property=\"og:image:type\" content=\"image\/jpeg\" \/>\n<meta name=\"twitter:card\" content=\"summary_large_image\" \/>\n<script type=\"application\/ld+json\" class=\"yoast-schema-graph\">{\"@context\":\"https:\\\/\\\/schema.org\",\"@graph\":[{\"@type\":\"WebPage\",\"@id\":\"http:\\\/\\\/classificados-x.net\\\/escort\\\/gutinha\\\/\",\"url\":\"http:\\\/\\\/classificados-x.net\\\/escort\\\/gutinha\\\/\",\"name\":\"Gutinha Classificados Escort\",\"isPartOf\":{\"@id\":\"http:\\\/\\\/classificados-x.net\\\/#website\"},\"primaryImageOfPage\":{\"@id\":\"http:\\\/\\\/classificados-x.net\\\/escort\\\/gutinha\\\/#primaryimage\"},\"image\":{\"@id\":\"http:\\\/\\\/classificados-x.net\\\/escort\\\/gutinha\\\/#primaryimage\"},\"thumbnailUrl\":\"http:\\\/\\\/classificados-x.net\\\/wp-content\\\/uploads\\\/2023\\\/06\\\/327624_1-2.jpg\",\"datePublished\":\"2024-04-09T08:09:19+00:00\",\"description\":\"Gutinha is a girl that you can get in touch with at classificados Escorts.\",\"breadcrumb\":{\"@id\":\"http:\\\/\\\/classificados-x.net\\\/escort\\\/gutinha\\\/#breadcrumb\"},\"inLanguage\":\"pt-PT\",\"potentialAction\":[{\"@type\":\"ReadAction\",\"target\":[\"http:\\\/\\\/classificados-x.net\\\/escort\\\/gutinha\\\/\"]}]},{\"@type\":\"ImageObject\",\"inLanguage\":\"pt-PT\",\"@id\":\"http:\\\/\\\/classificados-x.net\\\/escort\\\/gutinha\\\/#primaryimage\",\"url\":\"http:\\\/\\\/classificados-x.net\\\/wp-content\\\/uploads\\\/2023\\\/06\\\/327624_1-2.jpg\",\"contentUrl\":\"http:\\\/\\\/classificados-x.net\\\/wp-content\\\/uploads\\\/2023\\\/06\\\/327624_1-2.jpg\",\"caption\":\"Gutinha\"},{\"@type\":\"BreadcrumbList\",\"@id\":\"http:\\\/\\\/classificados-x.net\\\/escort\\\/gutinha\\\/#breadcrumb\",\"itemListElement\":[{\"@type\":\"ListItem\",\"position\":1,\"name\":\"Home\",\"item\":\"http:\\\/\\\/classificados-x.net\\\/\"},{\"@type\":\"ListItem\",\"position\":2,\"name\":\"Classificados X &#8211; Acompanhantes &#8211; Classificados\",\"item\":\"http:\\\/\\\/classificados-x.net\\\/\"},{\"@type\":\"ListItem\",\"position\":3,\"name\":\"Gutinha\"}]},{\"@type\":\"WebSite\",\"@id\":\"http:\\\/\\\/classificados-x.net\\\/#website\",\"url\":\"http:\\\/\\\/classificados-x.net\\\/\",\"name\":\"Classificados\",\"description\":\"Classificados X - Acompanhantes\",\"publisher\":{\"@id\":\"http:\\\/\\\/classificados-x.net\\\/#organization\"},\"alternateName\":\"Escorts\",\"potentialAction\":[{\"@type\":\"SearchAction\",\"target\":{\"@type\":\"EntryPoint\",\"urlTemplate\":\"http:\\\/\\\/classificados-x.net\\\/?s={search_term_string}\"},\"query-input\":{\"@type\":\"PropertyValueSpecification\",\"valueRequired\":true,\"valueName\":\"search_term_string\"}}],\"inLanguage\":\"pt-PT\"},{\"@type\":\"Organization\",\"@id\":\"http:\\\/\\\/classificados-x.net\\\/#organization\",\"name\":\"Classificados\",\"url\":\"http:\\\/\\\/classificados-x.net\\\/\",\"logo\":{\"@type\":\"ImageObject\",\"inLanguage\":\"pt-PT\",\"@id\":\"http:\\\/\\\/classificados-x.net\\\/#\\\/schema\\\/logo\\\/image\\\/\",\"url\":\"http:\\\/\\\/classificados-x.net\\\/wp-content\\\/uploads\\\/2023\\\/06\\\/cropped-Copy-of-Luxembourg-escort.lu-300-\u00d7-100px-300-\u00d7-75px-240-\u00d7-75px-240-\u00d7-62px.png\",\"contentUrl\":\"http:\\\/\\\/classificados-x.net\\\/wp-content\\\/uploads\\\/2023\\\/06\\\/cropped-Copy-of-Luxembourg-escort.lu-300-\u00d7-100px-300-\u00d7-75px-240-\u00d7-75px-240-\u00d7-62px.png\",\"width\":240,\"height\":62,\"caption\":\"Classificados\"},\"image\":{\"@id\":\"http:\\\/\\\/classificados-x.net\\\/#\\\/schema\\\/logo\\\/image\\\/\"}}]}<\/script>\n<!-- \/ Yoast SEO Premium plugin. -->","yoast_head_json":{"title":"Gutinha Classificados Escort","description":"Gutinha \u00e9 uma garota que voc\u00ea pode encontrar em classificados Escorts.","robots":{"index":"index","follow":"follow","max-snippet":"max-snippet:-1","max-image-preview":"max-image-preview:large","max-video-preview":"max-video-preview:-1"},"canonical":"http:\/\/classificados-x.net\/pt\/escolta\/gutinha\/","og_locale":"pt_PT","og_type":"article","og_title":"Gutinha","og_description":"Gutinha is a girl that you can get in touch with at classificados Escorts.","og_url":"http:\/\/classificados-x.net\/pt\/escolta\/gutinha\/","og_site_name":"Classificados X - Acompanhantes","og_image":[{"url":"http:\/\/classificados-x.net\/wp-content\/uploads\/2023\/06\/327624_1-2.jpg","width":1,"height":1,"type":"image\/jpeg"}],"twitter_card":"summary_large_image","schema":{"@context":"https:\/\/schema.org","@graph":[{"@type":"WebPage","@id":"http:\/\/classificados-x.net\/escort\/gutinha\/","url":"http:\/\/classificados-x.net\/escort\/gutinha\/","name":"Gutinha Classificados Escort","isPartOf":{"@id":"http:\/\/classificados-x.net\/#website"},"primaryImageOfPage":{"@id":"http:\/\/classificados-x.net\/escort\/gutinha\/#primaryimage"},"image":{"@id":"http:\/\/classificados-x.net\/escort\/gutinha\/#primaryimage"},"thumbnailUrl":"http:\/\/classificados-x.net\/wp-content\/uploads\/2023\/06\/327624_1-2.jpg","datePublished":"2024-04-09T08:09:19+00:00","description":"Gutinha \u00e9 uma garota que voc\u00ea pode encontrar em classificados Escorts.","breadcrumb":{"@id":"http:\/\/classificados-x.net\/escort\/gutinha\/#breadcrumb"},"inLanguage":"pt-PT","potentialAction":[{"@type":"ReadAction","target":["http:\/\/classificados-x.net\/escort\/gutinha\/"]}]},{"@type":"ImageObject","inLanguage":"pt-PT","@id":"http:\/\/classificados-x.net\/escort\/gutinha\/#primaryimage","url":"http:\/\/classificados-x.net\/wp-content\/uploads\/2023\/06\/327624_1-2.jpg","contentUrl":"http:\/\/classificados-x.net\/wp-content\/uploads\/2023\/06\/327624_1-2.jpg","caption":"Gutinha"},{"@type":"BreadcrumbList","@id":"http:\/\/classificados-x.net\/escort\/gutinha\/#breadcrumb","itemListElement":[{"@type":"ListItem","position":1,"name":"Home","item":"http:\/\/classificados-x.net\/"},{"@type":"ListItem","position":2,"name":"Classificados X &#8211; Acompanhantes &#8211; Classificados","item":"http:\/\/classificados-x.net\/"},{"@type":"ListItem","position":3,"name":"Gutinha"}]},{"@type":"WebSite","@id":"http:\/\/classificados-x.net\/#website","url":"http:\/\/classificados-x.net\/","name":"\u00cdndios","description":"Classificados X - Acompanhantes","publisher":{"@id":"http:\/\/classificados-x.net\/#organization"},"alternateName":"Escorts","potentialAction":[{"@type":"SearchAction","target":{"@type":"EntryPoint","urlTemplate":"http:\/\/classificados-x.net\/?s={search_term_string}"},"query-input":{"@type":"PropertyValueSpecification","valueRequired":true,"valueName":"search_term_string"}}],"inLanguage":"pt-PT"},{"@type":"Organization","@id":"http:\/\/classificados-x.net\/#organization","name":"\u00cdndios","url":"http:\/\/classificados-x.net\/","logo":{"@type":"ImageObject","inLanguage":"pt-PT","@id":"http:\/\/classificados-x.net\/#\/schema\/logo\/image\/","url":"http:\/\/classificados-x.net\/wp-content\/uploads\/2023\/06\/cropped-Copy-of-Luxembourg-escort.lu-300-\u00d7-100px-300-\u00d7-75px-240-\u00d7-75px-240-\u00d7-62px.png","contentUrl":"http:\/\/classificados-x.net\/wp-content\/uploads\/2023\/06\/cropped-Copy-of-Luxembourg-escort.lu-300-\u00d7-100px-300-\u00d7-75px-240-\u00d7-75px-240-\u00d7-62px.png","width":240,"height":62,"caption":"Classificados"},"image":{"@id":"http:\/\/classificados-x.net\/#\/schema\/logo\/image\/"}}]}},"_links":{"self":[{"href":"http:\/\/classificados-x.net\/pt\/wp-json\/wp\/v2\/product\/327624","targetHints":{"allow":["GET"]}}],"collection":[{"href":"http:\/\/classificados-x.net\/pt\/wp-json\/wp\/v2\/product"}],"about":[{"href":"http:\/\/classificados-x.net\/pt\/wp-json\/wp\/v2\/types\/product"}],"wp:featuredmedia":[{"embeddable":true,"href":"http:\/\/classificados-x.net\/pt\/wp-json\/wp\/v2\/media\/12378170"}],"wp:attachment":[{"href":"http:\/\/classificados-x.net\/pt\/wp-json\/wp\/v2\/media?parent=327624"}],"wp:term":[{"taxonomy":"product_brand","embeddable":true,"href":"http:\/\/classificados-x.net\/pt\/wp-json\/wp\/v2\/product_brand?post=327624"},{"taxonomy":"product_cat","embeddable":true,"href":"http:\/\/classificados-x.net\/pt\/wp-json\/wp\/v2\/product_cat?post=327624"},{"taxonomy":"product_tag","embeddable":true,"href":"http:\/\/classificados-x.net\/pt\/wp-json\/wp\/v2\/product_tag?post=327624"}],"curies":[{"name":"wp","href":"https:\/\/api.w.org\/{rel}","templated":true}]}}