{"id":327474,"date":"2023-06-20T13:06:09","date_gmt":"2023-06-20T13:06:09","guid":{"rendered":"https:\/\/classificados-x.net\/?post_type=product&#038;p=327474"},"modified":"2023-06-20T13:06:09","modified_gmt":"2023-06-20T13:06:09","slug":"belinha","status":"publish","type":"product","link":"http:\/\/classificados-x.net\/pt\/escort\/belinha\/","title":{"rendered":"belinha"},"content":{"rendered":"<p>Sou atrevida, sou desinibida, e sou simp\u221a\u00b0tica. Procuro algu\u221a\u00a9m \u221a\u2020 minha medida, e depois logo se v\u221a\u2122. N\u221a\u00a3o quero tanguistas, prezo muito a verdade.<\/p>","protected":false},"excerpt":{"rendered":"<p>Sou atrevida, sou desinibida, e sou simp\u221a\u00b0tica. Procuro algu\u221a\u00a9m \u221a\u2020 minha medida, e depois logo se v\u221a\u2122. N\u221a\u00a3o quero tanguistas, prezo muito a verdade.<\/p>","protected":false},"featured_media":12379204,"template":"","meta":[],"product_brand":[],"product_cat":[1056],"product_tag":[895,902,903,893,901,898,904,897,900,894,896,905,899],"class_list":{"0":"post-327474","1":"product","2":"type-product","3":"status-publish","4":"has-post-thumbnail","6":"product_cat-moscavide","7":"product_tag-acompanhantes-porto","8":"product_tag-asian-escorts-portugal","9":"product_tag-asian-massage-portugal","10":"product_tag-classificados-x","11":"product_tag-escort-girls-portugal","12":"product_tag-escorts-in-portugal","13":"product_tag-escorts-porto","14":"product_tag-female-escorts-portugal","15":"product_tag-inderpendent-escorts-portugal","16":"product_tag-lisbon-girl-escorts","17":"product_tag-massage-escorts-portugal","18":"product_tag-portugal-sex-guide","19":"product_tag-sexy-escorts-portugal","20":"pa_enjoys-69-position-escorts","21":"pa_enjoys-being-dominated","22":"pa_enjoys-big-dick","23":"pa_enjoys-bisexual","24":"pa_enjoys-blindfolding","25":"pa_enjoys-blowjob","26":"pa_enjoys-bondage-bdsm","27":"pa_enjoys-cowgirl","28":"pa_enjoys-cybersex","29":"pa_enjoys-dogging","30":"pa_enjoys-facials","31":"pa_enjoys-handcuffs","32":"pa_enjoys-medical-play","33":"pa_enjoys-milf","34":"pa_enjoys-romantic","35":"pa_enjoys-sex-toys","36":"pa_enjoys-sugar-daddy","37":"pa_enjoys-voyeur","38":"pa_places-city-center","40":"first","41":"instock","42":"shipping-taxable","43":"product-type-external"},"yoast_head":"<!-- This site is optimized with the Yoast SEO Premium plugin v22.3 (Yoast SEO v27.0) - https:\/\/yoast.com\/product\/yoast-seo-premium-wordpress\/ -->\n<title>Belinha Classificados Escort<\/title>\n<meta name=\"description\" content=\"Belinha is a girl that you can get in touch with at classificados Escorts.\" \/>\n<meta name=\"robots\" content=\"index, follow, max-snippet:-1, max-image-preview:large, max-video-preview:-1\" \/>\n<link rel=\"canonical\" href=\"http:\/\/classificados-x.net\/pt\/escolta\/belinha\/\" \/>\n<meta property=\"og:locale\" content=\"pt_PT\" \/>\n<meta property=\"og:type\" content=\"article\" \/>\n<meta property=\"og:title\" content=\"Belinha\" \/>\n<meta property=\"og:description\" content=\"Belinha is a girl that you can get in touch with at classificados Escorts.\" \/>\n<meta property=\"og:url\" content=\"http:\/\/classificados-x.net\/pt\/escolta\/belinha\/\" \/>\n<meta property=\"og:site_name\" content=\"Classificados X - Acompanhantes\" \/>\n<meta property=\"og:image\" content=\"http:\/\/classificados-x.net\/wp-content\/uploads\/2023\/06\/327474_1-2.jpg\" \/>\n\t<meta property=\"og:image:width\" content=\"1\" \/>\n\t<meta property=\"og:image:height\" content=\"1\" \/>\n\t<meta property=\"og:image:type\" content=\"image\/jpeg\" \/>\n<meta name=\"twitter:card\" content=\"summary_large_image\" \/>\n<script type=\"application\/ld+json\" class=\"yoast-schema-graph\">{\"@context\":\"https:\/\/schema.org\",\"@graph\":[{\"@type\":\"WebPage\",\"@id\":\"http:\/\/classificados-x.net\/escort\/belinha\/\",\"url\":\"http:\/\/classificados-x.net\/escort\/belinha\/\",\"name\":\"Belinha Classificados Escort\",\"isPartOf\":{\"@id\":\"https:\/\/classificados-x.net\/#website\"},\"primaryImageOfPage\":{\"@id\":\"http:\/\/classificados-x.net\/escort\/belinha\/#primaryimage\"},\"image\":{\"@id\":\"http:\/\/classificados-x.net\/escort\/belinha\/#primaryimage\"},\"thumbnailUrl\":\"http:\/\/classificados-x.net\/wp-content\/uploads\/2023\/06\/327474_1-2.jpg\",\"datePublished\":\"2023-06-20T13:06:09+00:00\",\"description\":\"Belinha is a girl that you can get in touch with at classificados Escorts.\",\"breadcrumb\":{\"@id\":\"http:\/\/classificados-x.net\/escort\/belinha\/#breadcrumb\"},\"inLanguage\":\"pt-PT\",\"potentialAction\":[{\"@type\":\"ReadAction\",\"target\":[\"http:\/\/classificados-x.net\/escort\/belinha\/\"]}]},{\"@type\":\"ImageObject\",\"inLanguage\":\"pt-PT\",\"@id\":\"http:\/\/classificados-x.net\/escort\/belinha\/#primaryimage\",\"url\":\"http:\/\/classificados-x.net\/wp-content\/uploads\/2023\/06\/327474_1-2.jpg\",\"contentUrl\":\"http:\/\/classificados-x.net\/wp-content\/uploads\/2023\/06\/327474_1-2.jpg\",\"caption\":\"Belinha\"},{\"@type\":\"BreadcrumbList\",\"@id\":\"http:\/\/classificados-x.net\/escort\/belinha\/#breadcrumb\",\"itemListElement\":[{\"@type\":\"ListItem\",\"position\":1,\"name\":\"Home\",\"item\":\"https:\/\/classificados-x.net\/\"},{\"@type\":\"ListItem\",\"position\":2,\"name\":\"Classificados X &#8211; Acompanhantes &#8211; Classificados\",\"item\":\"https:\/\/classificados-x.net\/\"},{\"@type\":\"ListItem\",\"position\":3,\"name\":\"Belinha\"}]},{\"@type\":\"WebSite\",\"@id\":\"https:\/\/classificados-x.net\/#website\",\"url\":\"https:\/\/classificados-x.net\/\",\"name\":\"Classificados\",\"description\":\"Classificados X - Acompanhantes\",\"publisher\":{\"@id\":\"https:\/\/classificados-x.net\/#organization\"},\"alternateName\":\"Escorts\",\"potentialAction\":[{\"@type\":\"SearchAction\",\"target\":{\"@type\":\"EntryPoint\",\"urlTemplate\":\"https:\/\/classificados-x.net\/?s={search_term_string}\"},\"query-input\":{\"@type\":\"PropertyValueSpecification\",\"valueRequired\":true,\"valueName\":\"search_term_string\"}}],\"inLanguage\":\"pt-PT\"},{\"@type\":\"Organization\",\"@id\":\"https:\/\/classificados-x.net\/#organization\",\"name\":\"Classificados\",\"url\":\"https:\/\/classificados-x.net\/\",\"logo\":{\"@type\":\"ImageObject\",\"inLanguage\":\"pt-PT\",\"@id\":\"https:\/\/classificados-x.net\/#\/schema\/logo\/image\/\",\"url\":\"http:\/\/classificados-x.net\/wp-content\/uploads\/2023\/06\/cropped-Copy-of-Luxembourg-escort.lu-300-\u00d7-100px-300-\u00d7-75px-240-\u00d7-75px-240-\u00d7-62px.png\",\"contentUrl\":\"http:\/\/classificados-x.net\/wp-content\/uploads\/2023\/06\/cropped-Copy-of-Luxembourg-escort.lu-300-\u00d7-100px-300-\u00d7-75px-240-\u00d7-75px-240-\u00d7-62px.png\",\"width\":240,\"height\":62,\"caption\":\"Classificados\"},\"image\":{\"@id\":\"https:\/\/classificados-x.net\/#\/schema\/logo\/image\/\"}}]}<\/script>\n<!-- \/ Yoast SEO Premium plugin. -->","yoast_head_json":{"title":"Belinha Classificados Escort","description":"Belinha \u00e9 uma garota com quem voc\u00ea pode entrar em contato em classificados Escorts.","robots":{"index":"index","follow":"follow","max-snippet":"max-snippet:-1","max-image-preview":"max-image-preview:large","max-video-preview":"max-video-preview:-1"},"canonical":"http:\/\/classificados-x.net\/pt\/escolta\/belinha\/","og_locale":"pt_PT","og_type":"article","og_title":"Belinha","og_description":"Belinha is a girl that you can get in touch with at classificados Escorts.","og_url":"http:\/\/classificados-x.net\/pt\/escolta\/belinha\/","og_site_name":"Classificados X - Acompanhantes","og_image":[{"url":"http:\/\/classificados-x.net\/wp-content\/uploads\/2023\/06\/327474_1-2.jpg","width":1,"height":1,"type":"image\/jpeg"}],"twitter_card":"summary_large_image","schema":{"@context":"https:\/\/schema.org","@graph":[{"@type":"WebPage","@id":"http:\/\/classificados-x.net\/escort\/belinha\/","url":"http:\/\/classificados-x.net\/escort\/belinha\/","name":"Belinha Classificados Escort","isPartOf":{"@id":"https:\/\/classificados-x.net\/#website"},"primaryImageOfPage":{"@id":"http:\/\/classificados-x.net\/escort\/belinha\/#primaryimage"},"image":{"@id":"http:\/\/classificados-x.net\/escort\/belinha\/#primaryimage"},"thumbnailUrl":"http:\/\/classificados-x.net\/wp-content\/uploads\/2023\/06\/327474_1-2.jpg","datePublished":"2023-06-20T13:06:09+00:00","description":"Belinha \u00e9 uma garota com quem voc\u00ea pode entrar em contato em classificados Escorts.","breadcrumb":{"@id":"http:\/\/classificados-x.net\/escort\/belinha\/#breadcrumb"},"inLanguage":"pt-PT","potentialAction":[{"@type":"ReadAction","target":["http:\/\/classificados-x.net\/escort\/belinha\/"]}]},{"@type":"ImageObject","inLanguage":"pt-PT","@id":"http:\/\/classificados-x.net\/escort\/belinha\/#primaryimage","url":"http:\/\/classificados-x.net\/wp-content\/uploads\/2023\/06\/327474_1-2.jpg","contentUrl":"http:\/\/classificados-x.net\/wp-content\/uploads\/2023\/06\/327474_1-2.jpg","caption":"Belinha"},{"@type":"BreadcrumbList","@id":"http:\/\/classificados-x.net\/escort\/belinha\/#breadcrumb","itemListElement":[{"@type":"ListItem","position":1,"name":"Home","item":"https:\/\/classificados-x.net\/"},{"@type":"ListItem","position":2,"name":"Classificados X &#8211; Acompanhantes &#8211; Classificados","item":"https:\/\/classificados-x.net\/"},{"@type":"ListItem","position":3,"name":"Belinha"}]},{"@type":"WebSite","@id":"https:\/\/classificados-x.net\/#website","url":"https:\/\/classificados-x.net\/","name":"\u00cdndios","description":"Classificados X - Acompanhantes","publisher":{"@id":"https:\/\/classificados-x.net\/#organization"},"alternateName":"Escorts","potentialAction":[{"@type":"SearchAction","target":{"@type":"EntryPoint","urlTemplate":"https:\/\/classificados-x.net\/?s={search_term_string}"},"query-input":{"@type":"PropertyValueSpecification","valueRequired":true,"valueName":"search_term_string"}}],"inLanguage":"pt-PT"},{"@type":"Organization","@id":"https:\/\/classificados-x.net\/#organization","name":"\u00cdndios","url":"https:\/\/classificados-x.net\/","logo":{"@type":"ImageObject","inLanguage":"pt-PT","@id":"https:\/\/classificados-x.net\/#\/schema\/logo\/image\/","url":"http:\/\/classificados-x.net\/wp-content\/uploads\/2023\/06\/cropped-Copy-of-Luxembourg-escort.lu-300-\u00d7-100px-300-\u00d7-75px-240-\u00d7-75px-240-\u00d7-62px.png","contentUrl":"http:\/\/classificados-x.net\/wp-content\/uploads\/2023\/06\/cropped-Copy-of-Luxembourg-escort.lu-300-\u00d7-100px-300-\u00d7-75px-240-\u00d7-75px-240-\u00d7-62px.png","width":240,"height":62,"caption":"Classificados"},"image":{"@id":"https:\/\/classificados-x.net\/#\/schema\/logo\/image\/"}}]}},"_links":{"self":[{"href":"http:\/\/classificados-x.net\/pt\/wp-json\/wp\/v2\/product\/327474","targetHints":{"allow":["GET"]}}],"collection":[{"href":"http:\/\/classificados-x.net\/pt\/wp-json\/wp\/v2\/product"}],"about":[{"href":"http:\/\/classificados-x.net\/pt\/wp-json\/wp\/v2\/types\/product"}],"wp:featuredmedia":[{"embeddable":true,"href":"http:\/\/classificados-x.net\/pt\/wp-json\/wp\/v2\/media\/12379204"}],"wp:attachment":[{"href":"http:\/\/classificados-x.net\/pt\/wp-json\/wp\/v2\/media?parent=327474"}],"wp:term":[{"taxonomy":"product_brand","embeddable":true,"href":"http:\/\/classificados-x.net\/pt\/wp-json\/wp\/v2\/product_brand?post=327474"},{"taxonomy":"product_cat","embeddable":true,"href":"http:\/\/classificados-x.net\/pt\/wp-json\/wp\/v2\/product_cat?post=327474"},{"taxonomy":"product_tag","embeddable":true,"href":"http:\/\/classificados-x.net\/pt\/wp-json\/wp\/v2\/product_tag?post=327474"}],"curies":[{"name":"wp","href":"https:\/\/api.w.org\/{rel}","templated":true}]}}